{"id":4795,"date":"2024-11-20T11:38:36","date_gmt":"2024-11-20T10:38:36","guid":{"rendered":"https:\/\/terapietmou.eu\/?page_id=4795"},"modified":"2026-03-16T17:58:28","modified_gmt":"2026-03-16T16:58:28","slug":"poukaz","status":"publish","type":"page","link":"https:\/\/terapietmou.eu\/pl\/poukaz\/","title":{"rendered":"Voucher"},"content":{"rendered":"\t\t<div data-elementor-type=\"wp-page\" data-elementor-id=\"4795\" class=\"elementor elementor-4795\">\n\t\t\t\t<div class=\"elementor-element elementor-element-2ad82a6c e-con-full e-flex e-con e-parent\" data-id=\"2ad82a6c\" data-element_type=\"container\">\n\t\t\t\t<div class=\"elementor-element elementor-element-022c35b elementor-widget-divider--view-line elementor-widget elementor-widget-divider\" data-id=\"022c35b\" data-element_type=\"widget\" data-widget_type=\"divider.default\">\n\t\t\t\t<div class=\"elementor-widget-container\">\n\t\t\t\t\t\t\t<div class=\"elementor-divider\">\n\t\t\t<span class=\"elementor-divider-separator\">\n\t\t\t\t\t\t<\/span>\n\t\t<\/div>\n\t\t\t\t\t\t<\/div>\n\t\t\t\t<\/div>\n\t\t\t\t<\/div>\n\t\t<div class=\"elementor-element elementor-element-3ea41dd e-flex e-con-boxed e-con e-parent\" data-id=\"3ea41dd\" data-element_type=\"container\">\n\t\t\t\t\t<div class=\"e-con-inner\">\n\t\t\t\t<div class=\"elementor-element elementor-element-66bb328 elementor-widget elementor-widget-image\" data-id=\"66bb328\" data-element_type=\"widget\" data-widget_type=\"image.default\">\n\t\t\t\t<div class=\"elementor-widget-container\">\n\t\t\t\t\t\t\t\t\t\t\t\t\t\t\t<img fetchpriority=\"high\" decoding=\"async\" width=\"1024\" height=\"551\" src=\"https:\/\/terapietmou.eu\/wp-content\/uploads\/2024\/04\/Navrh-bez-nazvu-11-e1735912125359-1024x551.png\" class=\"attachment-large size-large wp-image-3479\" alt=\"\" srcset=\"https:\/\/terapietmou.eu\/wp-content\/uploads\/2024\/04\/Navrh-bez-nazvu-11-e1735912125359-1024x551.png 1024w, https:\/\/terapietmou.eu\/wp-content\/uploads\/2024\/04\/Navrh-bez-nazvu-11-e1735912125359-300x161.png 300w, https:\/\/terapietmou.eu\/wp-content\/uploads\/2024\/04\/Navrh-bez-nazvu-11-e1735912125359-768x413.png 768w, https:\/\/terapietmou.eu\/wp-content\/uploads\/2024\/04\/Navrh-bez-nazvu-11-e1735912125359-18x10.png 18w, https:\/\/terapietmou.eu\/wp-content\/uploads\/2024\/04\/Navrh-bez-nazvu-11-e1735912125359.png 1500w\" sizes=\"(max-width: 1024px) 100vw, 1024px\" \/>\t\t\t\t\t\t\t\t\t\t\t\t\t\t\t<\/div>\n\t\t\t\t<\/div>\n\t\t\t\t\t<\/div>\n\t\t\t\t<\/div>\n\t\t<div class=\"elementor-element elementor-element-ba223cf e-flex e-con-boxed e-con e-parent\" data-id=\"ba223cf\" data-element_type=\"container\">\n\t\t\t\t\t<div class=\"e-con-inner\">\n\t\t\t\t<div class=\"elementor-element elementor-element-0a419a0 elementor-widget-divider--view-line elementor-widget elementor-widget-divider\" data-id=\"0a419a0\" data-element_type=\"widget\" data-widget_type=\"divider.default\">\n\t\t\t\t<div class=\"elementor-widget-container\">\n\t\t\t\t\t\t\t<div class=\"elementor-divider\">\n\t\t\t<span class=\"elementor-divider-separator\">\n\t\t\t\t\t\t<\/span>\n\t\t<\/div>\n\t\t\t\t\t\t<\/div>\n\t\t\t\t<\/div>\n\t\t\t\t\t<\/div>\n\t\t\t\t<\/div>\n\t\t<div class=\"elementor-element elementor-element-f2bec8a e-flex e-con-boxed e-con e-parent\" data-id=\"f2bec8a\" data-element_type=\"container\">\n\t\t\t\t\t<div class=\"e-con-inner\">\n\t\t\t\t<div class=\"elementor-element elementor-element-0b64df5 elementor-widget elementor-widget-text-editor\" data-id=\"0b64df5\" data-element_type=\"widget\" data-widget_type=\"text-editor.default\">\n\t\t\t\t<div class=\"elementor-widget-container\">\n\t\t\t\t\t\t\t\t\t<p>Objevte kouzlo tmy \u2013 darujte z\u00e1\u017eitek, kter\u00fd p\u0159in\u00e1\u0161\u00ed klid, rovnov\u00e1hu a hlubok\u00fd odpo\u010dinek. Pobyt v terapii tmou nab\u00edz\u00ed ticho, prostor pro regeneraci a nov\u00fd pohled na sebe. Jedn\u00e1 se proto o jednoduch\u00fd d\u00e1rek s velk\u00fdm p\u0159esahem pro V\u00e1s i Va\u0161e bl\u00edzk\u00e9.<\/p>\t\t\t\t\t\t\t\t<\/div>\n\t\t\t\t<\/div>\n\t\t\t\t\t<\/div>\n\t\t\t\t<\/div>\n\t\t<div class=\"elementor-element elementor-element-efadf78 e-flex e-con-boxed e-con e-parent\" data-id=\"efadf78\" data-element_type=\"container\">\n\t\t\t\t\t<div class=\"e-con-inner\">\n\t\t<div class=\"elementor-element elementor-element-ced223c e-con-full e-flex e-con e-child\" data-id=\"ced223c\" data-element_type=\"container\">\n\t\t\t\t<div class=\"elementor-element elementor-element-6c5dba8 elementor-widget elementor-widget-wpforms\" data-id=\"6c5dba8\" data-element_type=\"widget\" data-widget_type=\"wpforms.default\">\n\t\t\t\t<div class=\"elementor-widget-container\">\n\t\t\t\t\t<div class=\"wpforms-container \" id=\"wpforms-4796\"><form id=\"wpforms-form-4796\" class=\"wpforms-validate wpforms-form wpforms-ajax-form\" data-formid=\"4796\" method=\"post\" enctype=\"multipart\/form-data\" action=\"\/pl\/wp-json\/wp\/v2\/pages\/4795\" data-token=\"e7ef1b1a4f17059f8662c5bad657910d\" data-token-time=\"1775677805\"><noscript class=\"wpforms-error-noscript\">Aby wype\u0142ni\u0107 ten formularz, w\u0142\u0105cz obs\u0142ug\u0119 JavaScript w przegl\u0105darce.<\/noscript><div class=\"wpforms-field-container\"><div id=\"wpforms-4796-field_8-container\" class=\"wpforms-field wpforms-field-name\" data-field-id=\"8\"><label class=\"wpforms-field-label\">Va\u0161e jm\u00e9no <span class=\"wpforms-required-label\">*<\/span><\/label><div class=\"wpforms-field-row wpforms-field-medium\"><div class=\"wpforms-field-row-block wpforms-first wpforms-one-half\"><input type=\"text\" id=\"wpforms-4796-field_8\" class=\"wpforms-field-name-first wpforms-field-required\" name=\"wpforms[fields][8][first]\" required><label for=\"wpforms-4796-field_8\" class=\"wpforms-field-sublabel after\">Imi\u0119<\/label><\/div><div class=\"wpforms-field-row-block wpforms-one-half\"><input type=\"text\" id=\"wpforms-4796-field_8-last\" class=\"wpforms-field-name-last wpforms-field-required\" name=\"wpforms[fields][8][last]\" required><label for=\"wpforms-4796-field_8-last\" class=\"wpforms-field-sublabel after\">Nazwisko<\/label><\/div><\/div><\/div><div id=\"wpforms-4796-field_10-container\" class=\"wpforms-field wpforms-field-text\" data-field-id=\"10\"><label class=\"wpforms-field-label\" for=\"wpforms-4796-field_10\">Telefon <span class=\"wpforms-required-label\">*<\/span><\/label><input type=\"text\" id=\"wpforms-4796-field_10\" class=\"wpforms-field-medium wpforms-field-required\" name=\"wpforms[fields][10]\" required><\/div><div id=\"wpforms-4796-field_9-container\" class=\"wpforms-field wpforms-field-name\" data-field-id=\"9\"><label class=\"wpforms-field-label\" for=\"wpforms-4796-field_9\">Email, kam za\u0161leme info o platb\u011b <span class=\"wpforms-required-label\">*<\/span><\/label><input type=\"text\" id=\"wpforms-4796-field_9\" class=\"wpforms-field-medium wpforms-field-required\" name=\"wpforms[fields][9]\" required><\/div><div id=\"wpforms-4796-field_0-container\" class=\"wpforms-field wpforms-field-name\" data-field-id=\"0\"><label class=\"wpforms-field-label\">Jm\u00e9no\u00a0obdarovan\u00e9ho <span class=\"wpforms-required-label\">*<\/span><\/label><div class=\"wpforms-field-row wpforms-field-medium\"><div class=\"wpforms-field-row-block wpforms-first wpforms-one-half\"><input type=\"text\" id=\"wpforms-4796-field_0\" class=\"wpforms-field-name-first wpforms-field-required\" name=\"wpforms[fields][0][first]\" required><label for=\"wpforms-4796-field_0\" class=\"wpforms-field-sublabel after\">Imi\u0119<\/label><\/div><div class=\"wpforms-field-row-block wpforms-one-half\"><input type=\"text\" id=\"wpforms-4796-field_0-last\" class=\"wpforms-field-name-last wpforms-field-required\" name=\"wpforms[fields][0][last]\" required><label for=\"wpforms-4796-field_0-last\" class=\"wpforms-field-sublabel after\">Nazwisko<\/label><\/div><\/div><\/div><div id=\"wpforms-4796-field_7-container\" class=\"wpforms-field wpforms-field-text\" data-field-id=\"7\"><label class=\"wpforms-field-label\" for=\"wpforms-4796-field_7\">Text \/ p\u0159\u00e1n\u00ed<\/label><input type=\"text\" id=\"wpforms-4796-field_7\" class=\"wpforms-field-medium\" name=\"wpforms[fields][7]\" ><\/div><div id=\"wpforms-4796-field_4-container\" class=\"wpforms-field wpforms-field-payment-multiple\" data-field-id=\"4\"><label class=\"wpforms-field-label\">D\u00e9lka pobytu <span class=\"wpforms-required-label\">*<\/span><\/label><ul id=\"wpforms-4796-field_4\" class=\"wpforms-field-required\"><li class=\"choice-2\"><input type=\"radio\" id=\"wpforms-4796-field_4_2\" class=\"wpforms-payment-price\" data-amount=\"0.00\" name=\"wpforms[fields][4]\" value=\"2\" required ><label class=\"wpforms-field-label-inline\" for=\"wpforms-4796-field_4_2\">3 dny - 6 600 K\u010d<\/label><\/li><li class=\"choice-3\"><input type=\"radio\" id=\"wpforms-4796-field_4_3\" class=\"wpforms-payment-price\" data-amount=\"0.00\" name=\"wpforms[fields][4]\" value=\"3\" required ><label class=\"wpforms-field-label-inline\" for=\"wpforms-4796-field_4_3\">5 dn\u00ed - 11 000 K\u010d<\/label><\/li><li class=\"choice-4\"><input type=\"radio\" id=\"wpforms-4796-field_4_4\" class=\"wpforms-payment-price\" data-amount=\"0.00\" name=\"wpforms[fields][4]\" value=\"4\" required ><label class=\"wpforms-field-label-inline\" for=\"wpforms-4796-field_4_4\">7 dn\u00ed  - 15 400 K\u010d<\/label><\/li><\/ul><\/div><\/div><!-- .wpforms-field-container --><div class=\"wpforms-submit-container\" ><input type=\"hidden\" name=\"wpforms[id]\" value=\"4796\"><input type=\"hidden\" name=\"page_title\" value=\"\"><input type=\"hidden\" name=\"page_url\" value=\"https:\/\/terapietmou.eu\/pl\/wp-json\/wp\/v2\/pages\/4795\"><input type=\"hidden\" name=\"url_referer\" value=\"\"><button type=\"submit\" name=\"wpforms[submit]\" id=\"wpforms-submit-4796\" class=\"wpforms-submit\" data-alt-text=\"Sending...\" data-submit-text=\"Odeslat\" aria-live=\"assertive\" value=\"wpforms-submit\">Odeslat<\/button><img decoding=\"async\" src=\"https:\/\/terapietmou.eu\/wp-content\/plugins\/wpforms-lite\/assets\/images\/submit-spin.svg\" class=\"wpforms-submit-spinner\" style=\"display: none;\" width=\"26\" height=\"26\" alt=\"Wczytywanie\"><\/div><\/form><\/div>  <!-- .wpforms-container -->\t\t\t\t<\/div>\n\t\t\t\t<\/div>\n\t\t\t\t<\/div>\n\t\t\t\t\t<\/div>\n\t\t\t\t<\/div>\n\t\t\t\t<\/div>\n\t\t","protected":false},"excerpt":{"rendered":"<p>Objevte kouzlo tmy \u2013 darujte z\u00e1\u017eitek, kter\u00fd p\u0159in\u00e1\u0161\u00ed klid, rovnov\u00e1hu a hlubok\u00fd odpo\u010dinek. Pobyt v terapii tmou nab\u00edz\u00ed ticho, prostor pro regeneraci a nov\u00fd pohled na sebe. Jedn\u00e1 se proto o jednoduch\u00fd d\u00e1rek s velk\u00fdm p\u0159esahem pro V\u00e1s i Va\u0161e bl\u00edzk\u00e9. Chcete-li vyplnit tento formul\u00e1\u0159, pros\u00edm povolte v prohl\u00ed\u017ee\u010di JavaScript.Va\u0161e jm\u00e9no *K\u0159estn\u00ed jm\u00e9noP\u0159\u00edjmen\u00edTelefon *Email, kam [&hellip;]<\/p>\n","protected":false},"author":1,"featured_media":0,"parent":0,"menu_order":0,"comment_status":"closed","ping_status":"closed","template":"","meta":{"_uag_custom_page_level_css":"","site-sidebar-layout":"default","site-content-layout":"","ast-site-content-layout":"default","site-content-style":"default","site-sidebar-style":"default","ast-global-header-display":"","ast-banner-title-visibility":"","ast-main-header-display":"","ast-hfb-above-header-display":"","ast-hfb-below-header-display":"","ast-hfb-mobile-header-display":"","site-post-title":"","ast-breadcrumbs-content":"","ast-featured-img":"","footer-sml-layout":"","theme-transparent-header-meta":"","adv-header-id-meta":"","stick-header-meta":"","header-above-stick-meta":"","header-main-stick-meta":"","header-below-stick-meta":"","astra-migrate-meta-layouts":"set","ast-page-background-enabled":"default","ast-page-background-meta":{"desktop":{"background-color":"","background-image":"","background-repeat":"repeat","background-position":"center center","background-size":"auto","background-attachment":"scroll","background-type":"","background-media":"","overlay-type":"","overlay-color":"","overlay-gradient":""},"tablet":{"background-color":"","background-image":"","background-repeat":"repeat","background-position":"center center","background-size":"auto","background-attachment":"scroll","background-type":"","background-media":"","overlay-type":"","overlay-color":"","overlay-gradient":""},"mobile":{"background-color":"","background-image":"","background-repeat":"repeat","background-position":"center center","background-size":"auto","background-attachment":"scroll","background-type":"","background-media":"","overlay-type":"","overlay-color":"","overlay-gradient":""}},"ast-content-background-meta":{"desktop":{"background-color":"var(--ast-global-color-5)","background-image":"","background-repeat":"repeat","background-position":"center center","background-size":"auto","background-attachment":"scroll","background-type":"","background-media":"","overlay-type":"","overlay-color":"","overlay-gradient":""},"tablet":{"background-color":"var(--ast-global-color-5)","background-image":"","background-repeat":"repeat","background-position":"center center","background-size":"auto","background-attachment":"scroll","background-type":"","background-media":"","overlay-type":"","overlay-color":"","overlay-gradient":""},"mobile":{"background-color":"var(--ast-global-color-5)","background-image":"","background-repeat":"repeat","background-position":"center center","background-size":"auto","background-attachment":"scroll","background-type":"","background-media":"","overlay-type":"","overlay-color":"","overlay-gradient":""}},"footnotes":""},"class_list":["post-4795","page","type-page","status-publish","hentry"],"uagb_featured_image_src":{"full":false,"thumbnail":false,"medium":false,"medium_large":false,"large":false,"1536x1536":false,"2048x2048":false,"trp-custom-language-flag":false},"uagb_author_info":{"display_name":"Roman Bart\u00e1k","author_link":"https:\/\/terapietmou.eu\/pl\/author\/terapietmou-eu\/"},"uagb_comment_info":0,"uagb_excerpt":"Objevte kouzlo tmy \u2013 darujte z\u00e1\u017eitek, kter\u00fd p\u0159in\u00e1\u0161\u00ed klid, rovnov\u00e1hu a hlubok\u00fd odpo\u010dinek. Pobyt v terapii tmou nab\u00edz\u00ed ticho, prostor pro regeneraci a nov\u00fd pohled na sebe. Jedn\u00e1 se proto o jednoduch\u00fd d\u00e1rek s velk\u00fdm p\u0159esahem pro V\u00e1s i Va\u0161e bl\u00edzk\u00e9. Chcete-li vyplnit tento formul\u00e1\u0159, pros\u00edm povolte v prohl\u00ed\u017ee\u010di JavaScript.Va\u0161e jm\u00e9no *K\u0159estn\u00ed jm\u00e9noP\u0159\u00edjmen\u00edTelefon *Email, kam&hellip;","_links":{"self":[{"href":"https:\/\/terapietmou.eu\/pl\/wp-json\/wp\/v2\/pages\/4795","targetHints":{"allow":["GET"]}}],"collection":[{"href":"https:\/\/terapietmou.eu\/pl\/wp-json\/wp\/v2\/pages"}],"about":[{"href":"https:\/\/terapietmou.eu\/pl\/wp-json\/wp\/v2\/types\/page"}],"author":[{"embeddable":true,"href":"https:\/\/terapietmou.eu\/pl\/wp-json\/wp\/v2\/users\/1"}],"replies":[{"embeddable":true,"href":"https:\/\/terapietmou.eu\/pl\/wp-json\/wp\/v2\/comments?post=4795"}],"version-history":[{"count":17,"href":"https:\/\/terapietmou.eu\/pl\/wp-json\/wp\/v2\/pages\/4795\/revisions"}],"predecessor-version":[{"id":5798,"href":"https:\/\/terapietmou.eu\/pl\/wp-json\/wp\/v2\/pages\/4795\/revisions\/5798"}],"wp:attachment":[{"href":"https:\/\/terapietmou.eu\/pl\/wp-json\/wp\/v2\/media?parent=4795"}],"curies":[{"name":"wp","href":"https:\/\/api.w.org\/{rel}","templated":true}]}}