{"id":4421,"date":"2024-06-28T10:52:27","date_gmt":"2024-06-28T08:52:27","guid":{"rendered":"https:\/\/terapietmou.eu\/?page_id=4421"},"modified":"2024-06-28T11:03:52","modified_gmt":"2024-06-28T09:03:52","slug":"ochrana-a-zpracovani-osobnich-udaju","status":"publish","type":"page","link":"https:\/\/terapietmou.eu\/pl\/ochrana-a-zpracovani-osobnich-udaju\/","title":{"rendered":"Ochrona danych osobowych"},"content":{"rendered":"<div data-elementor-type=\"wp-page\" data-elementor-id=\"4421\" class=\"elementor elementor-4421\">\n\t\t\t\t\t\t<section class=\"elementor-section elementor-top-section elementor-element elementor-element-43c3baf elementor-section-boxed elementor-section-height-default elementor-section-height-default\" data-id=\"43c3baf\" data-element_type=\"section\" data-settings=\"{&quot;background_background&quot;:&quot;classic&quot;}\">\n\t\t\t\t\t\t\t<div class=\"elementor-background-overlay\"><\/div>\n\t\t\t\t\t\t\t<div class=\"elementor-container elementor-column-gap-default\">\n\t\t\t\t\t<div class=\"elementor-column elementor-col-100 elementor-top-column elementor-element elementor-element-d6a500f\" data-id=\"d6a500f\" data-element_type=\"column\">\n\t\t\t<div class=\"elementor-widget-wrap elementor-element-populated\">\n\t\t\t\t\t\t<div class=\"elementor-element elementor-element-134f348 elementor-widget elementor-widget-heading\" data-id=\"134f348\" data-element_type=\"widget\" data-widget_type=\"heading.default\">\n\t\t\t\t<div class=\"elementor-widget-container\">\n\t\t\t\t\t<h1 class=\"elementor-heading-title elementor-size-default\">Ochrona danych osobowych<\/h1>\t\t\t\t<\/div>\n\t\t\t\t<\/div>\n\t\t\t\t\t<\/div>\n\t\t<\/div>\n\t\t\t\t\t<\/div>\n\t\t<\/section>\n\t\t\t\t<section class=\"elementor-section elementor-top-section elementor-element elementor-element-e8d4087 elementor-section-content-top elementor-section-boxed elementor-section-height-default elementor-section-height-default\" data-id=\"e8d4087\" data-element_type=\"section\" data-settings=\"{&quot;background_background&quot;:&quot;classic&quot;}\">\n\t\t\t\t\t\t\t<div class=\"elementor-background-overlay\"><\/div>\n\t\t\t\t\t\t\t<div class=\"elementor-container elementor-column-gap-no\">\n\t\t\t\t\t<div class=\"elementor-column elementor-col-100 elementor-top-column elementor-element elementor-element-e45c1ad\" data-id=\"e45c1ad\" data-element_type=\"column\">\n\t\t\t<div class=\"elementor-widget-wrap elementor-element-populated\">\n\t\t\t\t\t\t<div class=\"elementor-element elementor-element-b0e4aba elementor-widget elementor-widget-heading\" data-id=\"b0e4aba\" data-element_type=\"widget\" data-widget_type=\"heading.default\">\n\t\t\t\t<div class=\"elementor-widget-container\">\n\t\t\t\t\t<h2 class=\"elementor-heading-title elementor-size-default\">O\u015bwiadczenie o ochronie prywatno\u015bci (RODO)<\/h2>\t\t\t\t<\/div>\n\t\t\t\t<\/div>\n\t\t\t\t<div class=\"elementor-element elementor-element-39faa03 elementor-widget elementor-widget-text-editor\" data-id=\"39faa03\" data-element_type=\"widget\" data-widget_type=\"text-editor.default\">\n\t\t\t\t<div class=\"elementor-widget-container\">\n\t\t\t\t\t\t\t\t\t<p><strong>1. wprowadzenie<\/strong><\/p><p>Niniejsze o\u015bwiadczenie o ochronie prywatno\u015bci zawiera informacje o tym, w jaki spos\u00f3b gromadzimy, wykorzystujemy i chronimy dane osobowe u\u017cytkownik\u00f3w. Ochrona danych osobowych u\u017cytkownik\u00f3w jest dla nas bardzo wa\u017cna i przestrzegamy wszystkich stosownych przepis\u00f3w ustawowych i wykonawczych, w szczeg\u00f3lno\u015bci rozporz\u0105dzenia Parlamentu Europejskiego i Rady (UE) 2016\/679 (RODO).<\/p><p><strong>2) Administrator danych osobowych<\/strong><\/p><p>Administratorem danych jest:<\/p><ul><li>Roman Bart\u00e1k<\/li><li>Kozlovice 220, 739 47, Kozlovice<\/li><li><span style=\"font-size: 16px;\">ID: 67186009<\/span><\/li><li>E-mail: info@terapietmou.eu<\/li><li>Telefon: +420 724 104 976<\/li><li>Telefon: +420 725 105 873<\/li><\/ul><p><strong>3 Gromadzone dane osobowe<\/strong><\/p><p>Gromadzimy nast\u0119puj\u0105ce dane osobowe:<\/p><ul><li>Dane identyfikacyjne (imi\u0119, nazwisko)<\/li><li>Dane kontaktowe (e-mail, numer telefonu, adres)<\/li><li>Dane techniczne (adres IP, pliki cookie)<\/li><li>Inne informacje podane podczas komunikacji lub korzystania z naszych us\u0142ug<\/li><\/ul><p><strong>4 Cel przetwarzania danych osobowych<\/strong><\/p><p>Przetwarzamy dane osobowe u\u017cytkownika w nast\u0119puj\u0105cych celach:<\/p><ul><li>Dostarczanie naszych us\u0142ug i produkt\u00f3w<\/li><li>Komunikacja z u\u017cytkownikiem<\/li><li>Cele marketingowe (wysy\u0142anie newsletter\u00f3w, materia\u0142\u00f3w promocyjnych)<\/li><li>Ulepszanie naszych us\u0142ug i do\u015bwiadcze\u0144 u\u017cytkownik\u00f3w<\/li><li>Zgodno\u015b\u0107 ze zobowi\u0105zaniami prawnymi<\/li><\/ul><p><strong>5. Podstawa prawna przetwarzania<\/strong><\/p><p>Przetwarzamy dane osobowe na podstawie:<\/p><ul><li>Wykonanie umowy<\/li><li>Zgoda osoby, kt\u00f3rej dane dotycz\u0105<\/li><li>Wype\u0142nianie zobowi\u0105za\u0144 prawnych<\/li><li>Uzasadniony interes administratora danych<\/li><\/ul><p><strong>6. Okres przechowywania danych osobowych<\/strong><\/p><p>Przechowujemy dane osobowe u\u017cytkownika tak d\u0142ugo, jak jest to konieczne do osi\u0105gni\u0119cia celu, dla kt\u00f3rego zosta\u0142y zgromadzone, lub tak d\u0142ugo, jak jest to wymagane przez obowi\u0105zuj\u0105ce prawo.<\/p><p><strong>7. Odbiorcy danych osobowych<\/strong><\/p><p>Dane osobowe u\u017cytkownika mog\u0105 by\u0107 udost\u0119pniane nast\u0119puj\u0105cym kategoriom odbiorc\u00f3w:<\/p><ul><li>Nasi pracownicy i wsp\u00f3\u0142pracownicy<\/li><li>Dostawcy us\u0142ug (np. us\u0142ugi IT, agencje marketingowe)<\/li><li>W\u0142adze publiczne, je\u015bli jest to wymagane przez prawo<\/li><\/ul><p><strong>8. Prawa os\u00f3b, kt\u00f3rych dane dotycz\u0105<\/strong><\/p><p>Masz do tego prawo:<\/p><ul><li>Aby uzyska\u0107 dost\u0119p do danych osobowych<\/li><li>Aby poprawi\u0107 niedok\u0142adne dane<\/li><li>Do usuni\u0119cia danych osobowych (prawo do bycia zapomnianym)<\/li><li>W sprawie ogranicze\u0144 przetwarzania<\/li><li>W sprawie przenoszenia danych<\/li><li>Sprzeciw wobec przetwarzania<\/li><li>Wycofania zgody na przetwarzanie danych osobowych.<\/li><\/ul><p><strong>9. Bezpiecze\u0144stwo danych osobowych<\/strong><\/p><p>Podejmujemy wszelkie \u015brodki techniczne i organizacyjne w celu ochrony danych osobowych u\u017cytkownika przed nieuprawnionym dost\u0119pem, utrat\u0105, niew\u0142a\u015bciwym wykorzystaniem lub uszkodzeniem.<\/p><p><strong>10. Zmiany w o\u015bwiadczeniu o ochronie prywatno\u015bci<\/strong><\/p><p>Niniejsze o\u015bwiadczenie mo\u017ce by\u0107 od czasu do czasu aktualizowane. O wszelkich zmianach b\u0119dziemy informowa\u0107 za po\u015brednictwem naszej strony internetowej.<\/p><p><strong>11. Kontakt<\/strong><\/p><p>W przypadku jakichkolwiek pyta\u0144 lub pr\u00f3\u015bb dotycz\u0105cych ochrony danych osobowych, prosimy o kontakt pod adresem info@terapietmou.eu.<\/p>\t\t\t\t\t\t\t\t<\/div>\n\t\t\t\t<\/div>\n\t\t\t\t\t<\/div>\n\t\t<\/div>\n\t\t\t\t\t<\/div>\n\t\t<\/section>\n\t\t\t\t<\/div>","protected":false},"excerpt":{"rendered":"<p>Ochrana osobn\u00edch \u00fadaj\u016f Prohl\u00e1\u0161en\u00ed o ochran\u011b osobn\u00edch \u00fadaj\u016f (GDPR) 1. \u00davod Toto prohl\u00e1\u0161en\u00ed o ochran\u011b osobn\u00edch \u00fadaj\u016f v\u00e1m poskytuje informace o tom, jak va\u0161e osobn\u00ed \u00fadaje shroma\u017e\u010fujeme, pou\u017e\u00edv\u00e1me a chr\u00e1n\u00edme. Ochrana va\u0161ich osobn\u00edch \u00fadaj\u016f je pro n\u00e1s velmi d\u016fle\u017eit\u00e1 a dodr\u017eujeme v\u0161echny p\u0159\u00edslu\u0161n\u00e9 z\u00e1kony a p\u0159edpisy, zejm\u00e9na Na\u0159\u00edzen\u00ed Evropsk\u00e9ho parlamentu a Rady (EU) 2016\/679 (GDPR). [&hellip;]<\/p>\n","protected":false},"author":1,"featured_media":0,"parent":0,"menu_order":0,"comment_status":"closed","ping_status":"closed","template":"","meta":{"_uag_custom_page_level_css":"","site-sidebar-layout":"no-sidebar","site-content-layout":"page-builder","ast-site-content-layout":"full-width-container","site-content-style":"default","site-sidebar-style":"default","ast-global-header-display":"","ast-banner-title-visibility":"","ast-main-header-display":"","ast-hfb-above-header-display":"","ast-hfb-below-header-display":"","ast-hfb-mobile-header-display":"","site-post-title":"disabled","ast-breadcrumbs-content":"","ast-featured-img":"disabled","footer-sml-layout":"","theme-transparent-header-meta":"","adv-header-id-meta":"","stick-header-meta":"","header-above-stick-meta":"","header-main-stick-meta":"","header-below-stick-meta":"","astra-migrate-meta-layouts":"set","ast-page-background-enabled":"default","ast-page-background-meta":{"desktop":{"background-color":"","background-image":"","background-repeat":"repeat","background-position":"center center","background-size":"auto","background-attachment":"scroll","background-type":"","background-media":"","overlay-type":"","overlay-color":"","overlay-gradient":""},"tablet":{"background-color":"","background-image":"","background-repeat":"repeat","background-position":"center center","background-size":"auto","background-attachment":"scroll","background-type":"","background-media":"","overlay-type":"","overlay-color":"","overlay-gradient":""},"mobile":{"background-color":"","background-image":"","background-repeat":"repeat","background-position":"center center","background-size":"auto","background-attachment":"scroll","background-type":"","background-media":"","overlay-type":"","overlay-color":"","overlay-gradient":""}},"ast-content-background-meta":{"desktop":{"background-color":"var(--ast-global-color-5)","background-image":"","background-repeat":"repeat","background-position":"center center","background-size":"auto","background-attachment":"scroll","background-type":"","background-media":"","overlay-type":"","overlay-color":"","overlay-gradient":""},"tablet":{"background-color":"var(--ast-global-color-5)","background-image":"","background-repeat":"repeat","background-position":"center center","background-size":"auto","background-attachment":"scroll","background-type":"","background-media":"","overlay-type":"","overlay-color":"","overlay-gradient":""},"mobile":{"background-color":"var(--ast-global-color-5)","background-image":"","background-repeat":"repeat","background-position":"center center","background-size":"auto","background-attachment":"scroll","background-type":"","background-media":"","overlay-type":"","overlay-color":"","overlay-gradient":""}},"footnotes":""},"class_list":["post-4421","page","type-page","status-publish","hentry"],"uagb_featured_image_src":{"full":false,"thumbnail":false,"medium":false,"medium_large":false,"large":false,"1536x1536":false,"2048x2048":false,"trp-custom-language-flag":false},"uagb_author_info":{"display_name":"Roman Bart\u00e1k","author_link":"https:\/\/terapietmou.eu\/pl\/author\/terapietmou-eu\/"},"uagb_comment_info":0,"uagb_excerpt":"Ochrana osobn\u00edch \u00fadaj\u016f Prohl\u00e1\u0161en\u00ed o ochran\u011b osobn\u00edch \u00fadaj\u016f (GDPR) 1. \u00davod Toto prohl\u00e1\u0161en\u00ed o ochran\u011b osobn\u00edch \u00fadaj\u016f v\u00e1m poskytuje informace o tom, jak va\u0161e osobn\u00ed \u00fadaje shroma\u017e\u010fujeme, pou\u017e\u00edv\u00e1me a chr\u00e1n\u00edme. Ochrana va\u0161ich osobn\u00edch \u00fadaj\u016f je pro n\u00e1s velmi d\u016fle\u017eit\u00e1 a dodr\u017eujeme v\u0161echny p\u0159\u00edslu\u0161n\u00e9 z\u00e1kony a p\u0159edpisy, zejm\u00e9na Na\u0159\u00edzen\u00ed Evropsk\u00e9ho parlamentu a Rady (EU) 2016\/679 (GDPR).&hellip;","_links":{"self":[{"href":"https:\/\/terapietmou.eu\/pl\/wp-json\/wp\/v2\/pages\/4421","targetHints":{"allow":["GET"]}}],"collection":[{"href":"https:\/\/terapietmou.eu\/pl\/wp-json\/wp\/v2\/pages"}],"about":[{"href":"https:\/\/terapietmou.eu\/pl\/wp-json\/wp\/v2\/types\/page"}],"author":[{"embeddable":true,"href":"https:\/\/terapietmou.eu\/pl\/wp-json\/wp\/v2\/users\/1"}],"replies":[{"embeddable":true,"href":"https:\/\/terapietmou.eu\/pl\/wp-json\/wp\/v2\/comments?post=4421"}],"version-history":[{"count":14,"href":"https:\/\/terapietmou.eu\/pl\/wp-json\/wp\/v2\/pages\/4421\/revisions"}],"predecessor-version":[{"id":4437,"href":"https:\/\/terapietmou.eu\/pl\/wp-json\/wp\/v2\/pages\/4421\/revisions\/4437"}],"wp:attachment":[{"href":"https:\/\/terapietmou.eu\/pl\/wp-json\/wp\/v2\/media?parent=4421"}],"curies":[{"name":"wp","href":"https:\/\/api.w.org\/{rel}","templated":true}]}}