{"id":2994,"date":"2024-03-14T19:59:24","date_gmt":"2024-03-14T18:59:24","guid":{"rendered":"https:\/\/terapietmou.eu\/?page_id=2994"},"modified":"2024-04-27T22:58:33","modified_gmt":"2024-04-27T20:58:33","slug":"fq","status":"publish","type":"page","link":"https:\/\/terapietmou.eu\/pl\/fq\/","title":{"rendered":"F&amp;Q"},"content":{"rendered":"<div data-elementor-type=\"wp-page\" data-elementor-id=\"2994\" class=\"elementor elementor-2994\">\n\t\t\t\t\t\t<section class=\"elementor-section elementor-top-section elementor-element elementor-element-935e8f2 elementor-section-boxed elementor-section-height-default elementor-section-height-default\" data-id=\"935e8f2\" data-element_type=\"section\" data-settings=\"{&quot;background_background&quot;:&quot;classic&quot;}\">\n\t\t\t\t\t\t\t<div class=\"elementor-background-overlay\"><\/div>\n\t\t\t\t\t\t\t<div class=\"elementor-container elementor-column-gap-default\">\n\t\t\t\t\t<div class=\"elementor-column elementor-col-100 elementor-top-column elementor-element elementor-element-ece85a2\" data-id=\"ece85a2\" data-element_type=\"column\">\n\t\t\t<div class=\"elementor-widget-wrap elementor-element-populated\">\n\t\t\t\t\t\t<div class=\"elementor-element elementor-element-77cdd58 elementor-widget elementor-widget-heading\" data-id=\"77cdd58\" data-element_type=\"widget\" data-widget_type=\"heading.default\">\n\t\t\t\t<div class=\"elementor-widget-container\">\n\t\t\t\t\t<h1 class=\"elementor-heading-title elementor-size-default\">F&amp;Q<\/h1>\t\t\t\t<\/div>\n\t\t\t\t<\/div>\n\t\t\t\t\t<\/div>\n\t\t<\/div>\n\t\t\t\t\t<\/div>\n\t\t<\/section>\n\t\t\t\t<section class=\"elementor-section elementor-top-section elementor-element elementor-element-nfwgqjw elementor-section-content-top elementor-section-boxed elementor-section-height-default elementor-section-height-default\" data-id=\"nfwgqjw\" data-element_type=\"section\" data-settings=\"{&quot;background_background&quot;:&quot;classic&quot;}\">\n\t\t\t\t\t\t\t<div class=\"elementor-background-overlay\"><\/div>\n\t\t\t\t\t\t\t<div class=\"elementor-container elementor-column-gap-no\">\n\t\t\t\t\t<div class=\"elementor-column elementor-col-100 elementor-top-column elementor-element elementor-element-7882748\" data-id=\"7882748\" data-element_type=\"column\">\n\t\t\t<div class=\"elementor-widget-wrap elementor-element-populated\">\n\t\t\t\t\t\t<div class=\"elementor-element elementor-element-9fc6712 elementor-widget elementor-widget-heading\" data-id=\"9fc6712\" data-element_type=\"widget\" data-widget_type=\"heading.default\">\n\t\t\t\t<div class=\"elementor-widget-container\">\n\t\t\t\t\t<h2 class=\"elementor-heading-title elementor-size-default\">Cz\u0119sto zadawane pytania<\/h2>\t\t\t\t<\/div>\n\t\t\t\t<\/div>\n\t\t\t\t<div class=\"elementor-element elementor-element-724096e elementor-widget elementor-widget-accordion\" data-id=\"724096e\" data-element_type=\"widget\" data-widget_type=\"accordion.default\">\n\t\t\t\t<div class=\"elementor-widget-container\">\n\t\t\t\t\t\t\t<div class=\"elementor-accordion\">\n\t\t\t\t\t\t\t<div class=\"elementor-accordion-item\">\n\t\t\t\t\t<div id=\"elementor-tab-title-1191\" class=\"elementor-tab-title\" data-tab=\"1\" role=\"button\" aria-controls=\"elementor-tab-content-1191\" aria-expanded=\"false\">\n\t\t\t\t\t\t\t\t\t\t\t\t\t<span class=\"elementor-accordion-icon elementor-accordion-icon-right\" aria-hidden=\"true\">\n\t\t\t\t\t\t\t\t\t\t\t\t\t\t\t<span class=\"elementor-accordion-icon-closed\"><svg class=\"e-font-icon-svg e-fas-plus\" viewbox=\"0 0 448 512\" xmlns=\"http:\/\/www.w3.org\/2000\/svg\"><path d=\"M416 208H272V64c0-17.67-14.33-32-32-32h-32c-17.67 0-32 14.33-32 32v144H32c-17.67 0-32 14.33-32 32v32c0 17.67 14.33 32 32 32h144v144c0 17.67 14.33 32 32 32h32c17.67 0 32-14.33 32-32V304h144c17.67 0 32-14.33 32-32v-32c0-17.67-14.33-32-32-32z\"><\/path><\/svg><\/span>\n\t\t\t\t\t\t\t\t<span class=\"elementor-accordion-icon-opened\"><svg class=\"e-font-icon-svg e-fas-minus\" viewbox=\"0 0 448 512\" xmlns=\"http:\/\/www.w3.org\/2000\/svg\"><path d=\"M416 208H32c-17.67 0-32 14.33-32 32v32c0 17.67 14.33 32 32 32h384c17.67 0 32-14.33 32-32v-32c0-17.67-14.33-32-32-32z\"><\/path><\/svg><\/span>\n\t\t\t\t\t\t\t\t\t\t\t\t\t\t<\/span>\n\t\t\t\t\t\t\t\t\t\t\t\t<a class=\"elementor-accordion-title\" tabindex=\"0\">Jaka jest idealna d\u0142ugo\u015b\u0107 pobytu?<\/a>\n\t\t\t\t\t<\/div>\n\t\t\t\t\t<div id=\"elementor-tab-content-1191\" class=\"elementor-tab-content elementor-clearfix\" data-tab=\"1\" role=\"region\" aria-labelledby=\"elementor-tab-title-1191\"><p>7 Nights in the Dark zapewnia <strong>wystarczaj\u0105ca przestrze\u0144<\/strong> do g\u0142\u0119bokiej transformacji i autorefleksji, podczas gdy <strong>utrzymuje r\u00f3wnowag\u0119<\/strong> mi\u0119dzy intensywno\u015bci\u0105 do\u015bwiadczenia a mo\u017cliwo\u015bci\u0105 stopniowej adaptacji do ciemnego \u015brodowiska.<\/p><\/div>\n\t\t\t\t<\/div>\n\t\t\t\t\t\t\t<div class=\"elementor-accordion-item\">\n\t\t\t\t\t<div id=\"elementor-tab-title-1192\" class=\"elementor-tab-title\" data-tab=\"2\" role=\"button\" aria-controls=\"elementor-tab-content-1192\" aria-expanded=\"false\">\n\t\t\t\t\t\t\t\t\t\t\t\t\t<span class=\"elementor-accordion-icon elementor-accordion-icon-right\" aria-hidden=\"true\">\n\t\t\t\t\t\t\t\t\t\t\t\t\t\t\t<span class=\"elementor-accordion-icon-closed\"><svg class=\"e-font-icon-svg e-fas-plus\" viewbox=\"0 0 448 512\" xmlns=\"http:\/\/www.w3.org\/2000\/svg\"><path d=\"M416 208H272V64c0-17.67-14.33-32-32-32h-32c-17.67 0-32 14.33-32 32v144H32c-17.67 0-32 14.33-32 32v32c0 17.67 14.33 32 32 32h144v144c0 17.67 14.33 32 32 32h32c17.67 0 32-14.33 32-32V304h144c17.67 0 32-14.33 32-32v-32c0-17.67-14.33-32-32-32z\"><\/path><\/svg><\/span>\n\t\t\t\t\t\t\t\t<span class=\"elementor-accordion-icon-opened\"><svg class=\"e-font-icon-svg e-fas-minus\" viewbox=\"0 0 448 512\" xmlns=\"http:\/\/www.w3.org\/2000\/svg\"><path d=\"M416 208H32c-17.67 0-32 14.33-32 32v32c0 17.67 14.33 32 32 32h384c17.67 0 32-14.33 32-32v-32c0-17.67-14.33-32-32-32z\"><\/path><\/svg><\/span>\n\t\t\t\t\t\t\t\t\t\t\t\t\t\t<\/span>\n\t\t\t\t\t\t\t\t\t\t\t\t<a class=\"elementor-accordion-title\" tabindex=\"0\">Co je\u015bli musz\u0119 porozmawia\u0107?<\/a>\n\t\t\t\t\t<\/div>\n\t\t\t\t\t<div id=\"elementor-tab-content-1192\" class=\"elementor-tab-content elementor-clearfix\" data-tab=\"2\" role=\"region\" aria-labelledby=\"elementor-tab-title-1192\"><p>Podczas ciemnej terapii w naszym o\u015brodku masz mo\u017cliwo\u015b\u0107 codziennego korzystania z us\u0142ug <strong>przewodnik po ciemno\u015bci<\/strong>. Przewodnik Ciemno\u015bci jest dost\u0119pny w wybranym przez ciebie czasie. Mo\u017ce zosta\u0107 i porozmawia\u0107 z tob\u0105, je\u015bli sobie tego \u017cyczysz. Przewodnik zapewnia <strong>bezpieczne \u015brodowisko<\/strong> na ka\u017cd\u0105 rozmow\u0119. Mo\u017cesz powiedzie\u0107 mu o swoich my\u015blach, uczuciach lub obawach, a on <strong>b\u0119dzie ci\u0119 s\u0142ucha\u0107. <\/strong>Mo\u017cesz tak\u017ce wybra\u0107 temat, o kt\u00f3rym przewodnik b\u0119dzie m\u00f3wi\u0142 po kolei. Je\u015bli jednak zdecydujesz si\u0119 wykona\u0107 faktyczn\u0105 prac\u0119 terapeutyczn\u0105, <strong>nie b\u0119dziesz niepokojony<\/strong>.<\/p><\/div>\n\t\t\t\t<\/div>\n\t\t\t\t\t\t\t<div class=\"elementor-accordion-item\">\n\t\t\t\t\t<div id=\"elementor-tab-title-1193\" class=\"elementor-tab-title\" data-tab=\"3\" role=\"button\" aria-controls=\"elementor-tab-content-1193\" aria-expanded=\"false\">\n\t\t\t\t\t\t\t\t\t\t\t\t\t<span class=\"elementor-accordion-icon elementor-accordion-icon-right\" aria-hidden=\"true\">\n\t\t\t\t\t\t\t\t\t\t\t\t\t\t\t<span class=\"elementor-accordion-icon-closed\"><svg class=\"e-font-icon-svg e-fas-plus\" viewbox=\"0 0 448 512\" xmlns=\"http:\/\/www.w3.org\/2000\/svg\"><path d=\"M416 208H272V64c0-17.67-14.33-32-32-32h-32c-17.67 0-32 14.33-32 32v144H32c-17.67 0-32 14.33-32 32v32c0 17.67 14.33 32 32 32h144v144c0 17.67 14.33 32 32 32h32c17.67 0 32-14.33 32-32V304h144c17.67 0 32-14.33 32-32v-32c0-17.67-14.33-32-32-32z\"><\/path><\/svg><\/span>\n\t\t\t\t\t\t\t\t<span class=\"elementor-accordion-icon-opened\"><svg class=\"e-font-icon-svg e-fas-minus\" viewbox=\"0 0 448 512\" xmlns=\"http:\/\/www.w3.org\/2000\/svg\"><path d=\"M416 208H32c-17.67 0-32 14.33-32 32v32c0 17.67 14.33 32 32 32h384c17.67 0 32-14.33 32-32v-32c0-17.67-14.33-32-32-32z\"><\/path><\/svg><\/span>\n\t\t\t\t\t\t\t\t\t\t\t\t\t\t<\/span>\n\t\t\t\t\t\t\t\t\t\t\t\t<a class=\"elementor-accordion-title\" tabindex=\"0\">Jakiego typu klienci zazwyczaj chodz\u0105 na terapi\u0119?<\/a>\n\t\t\t\t\t<\/div>\n\t\t\t\t\t<div id=\"elementor-tab-content-1193\" class=\"elementor-tab-content elementor-clearfix\" data-tab=\"3\" role=\"region\" aria-labelledby=\"elementor-tab-title-1193\"><p>W naszym centrum powitali\u015bmy ju\u017c wielu klient\u00f3w, od nauczycieli po dyrektor\u00f3w. Nie tworzymy boks\u00f3w dla naszych klient\u00f3w. Nasze drzwi s\u0105 otwarte <strong>do wszystkich<\/strong>kto czuje <strong>potrzeba zwolnienia tempa<\/strong>zanurzy\u0107 si\u0119 w <strong>w\u0142asnego wewn\u0119trznego ja<\/strong> a <strong>Eksploruj<\/strong> fa\u0142dy twojego <strong>umys\u0142y<\/strong>. Niezale\u017cnie od wieku, p\u0142ci, zawodu czy sytuacji \u017cyciowej, <strong>Jeste\u015bmy tu dla Ciebie<\/strong>. Ka\u017cdy, kto t\u0119skni za <strong>wsparcie i zrozumienie<\/strong>jest mile widziany w naszym centrum terapeutycznym.<\/p><\/div>\n\t\t\t\t<\/div>\n\t\t\t\t\t\t\t<div class=\"elementor-accordion-item\">\n\t\t\t\t\t<div id=\"elementor-tab-title-1194\" class=\"elementor-tab-title\" data-tab=\"4\" role=\"button\" aria-controls=\"elementor-tab-content-1194\" aria-expanded=\"false\">\n\t\t\t\t\t\t\t\t\t\t\t\t\t<span class=\"elementor-accordion-icon elementor-accordion-icon-right\" aria-hidden=\"true\">\n\t\t\t\t\t\t\t\t\t\t\t\t\t\t\t<span class=\"elementor-accordion-icon-closed\"><svg class=\"e-font-icon-svg e-fas-plus\" viewbox=\"0 0 448 512\" xmlns=\"http:\/\/www.w3.org\/2000\/svg\"><path d=\"M416 208H272V64c0-17.67-14.33-32-32-32h-32c-17.67 0-32 14.33-32 32v144H32c-17.67 0-32 14.33-32 32v32c0 17.67 14.33 32 32 32h144v144c0 17.67 14.33 32 32 32h32c17.67 0 32-14.33 32-32V304h144c17.67 0 32-14.33 32-32v-32c0-17.67-14.33-32-32-32z\"><\/path><\/svg><\/span>\n\t\t\t\t\t\t\t\t<span class=\"elementor-accordion-icon-opened\"><svg class=\"e-font-icon-svg e-fas-minus\" viewbox=\"0 0 448 512\" xmlns=\"http:\/\/www.w3.org\/2000\/svg\"><path d=\"M416 208H32c-17.67 0-32 14.33-32 32v32c0 17.67 14.33 32 32 32h384c17.67 0 32-14.33 32-32v-32c0-17.67-14.33-32-32-32z\"><\/path><\/svg><\/span>\n\t\t\t\t\t\t\t\t\t\t\t\t\t\t<\/span>\n\t\t\t\t\t\t\t\t\t\t\t\t<a class=\"elementor-accordion-title\" tabindex=\"0\">Jak wygl\u0105da jedzenie? Czy musz\u0119 gotowa\u0107 po ciemku?<\/a>\n\t\t\t\t\t<\/div>\n\t\t\t\t\t<div id=\"elementor-tab-content-1194\" class=\"elementor-tab-content elementor-clearfix\" data-tab=\"4\" role=\"region\" aria-labelledby=\"elementor-tab-title-1194\"><p>Posi\u0142ki dostarczane s\u0105 przez przewodnika, kt\u00f3ry codziennie przygotowuje \u015bwie\u017ce dania wegetaria\u0144skie. W apartamentach dost\u0119pne s\u0105 r\u00f3wnie\u017c orzechy i owoce. Specjalne \u017cyczenia s\u0105 r\u00f3wnie\u017c spe\u0142niane przez przewodnika, takie jak zakupy lub dieta wzbogacona o mi\u0119so. Wszystko zale\u017cy od ustale\u0144 i preferencji danej osoby. Cz\u0119sto potrzeba jedzenia ust\u0119puje w trakcie pobytu, wi\u0119c opiekun chodzi zgodnie z potrzebami.<\/p><\/div>\n\t\t\t\t<\/div>\n\t\t\t\t\t\t\t<div class=\"elementor-accordion-item\">\n\t\t\t\t\t<div id=\"elementor-tab-title-1195\" class=\"elementor-tab-title\" data-tab=\"5\" role=\"button\" aria-controls=\"elementor-tab-content-1195\" aria-expanded=\"false\">\n\t\t\t\t\t\t\t\t\t\t\t\t\t<span class=\"elementor-accordion-icon elementor-accordion-icon-right\" aria-hidden=\"true\">\n\t\t\t\t\t\t\t\t\t\t\t\t\t\t\t<span class=\"elementor-accordion-icon-closed\"><svg class=\"e-font-icon-svg e-fas-plus\" viewbox=\"0 0 448 512\" xmlns=\"http:\/\/www.w3.org\/2000\/svg\"><path d=\"M416 208H272V64c0-17.67-14.33-32-32-32h-32c-17.67 0-32 14.33-32 32v144H32c-17.67 0-32 14.33-32 32v32c0 17.67 14.33 32 32 32h144v144c0 17.67 14.33 32 32 32h32c17.67 0 32-14.33 32-32V304h144c17.67 0 32-14.33 32-32v-32c0-17.67-14.33-32-32-32z\"><\/path><\/svg><\/span>\n\t\t\t\t\t\t\t\t<span class=\"elementor-accordion-icon-opened\"><svg class=\"e-font-icon-svg e-fas-minus\" viewbox=\"0 0 448 512\" xmlns=\"http:\/\/www.w3.org\/2000\/svg\"><path d=\"M416 208H32c-17.67 0-32 14.33-32 32v32c0 17.67 14.33 32 32 32h384c17.67 0 32-14.33 32-32v-32c0-17.67-14.33-32-32-32z\"><\/path><\/svg><\/span>\n\t\t\t\t\t\t\t\t\t\t\t\t\t\t<\/span>\n\t\t\t\t\t\t\t\t\t\t\t\t<a class=\"elementor-accordion-title\" tabindex=\"0\">Co zrobi\u0107 po wyj\u015bciu z ciemno\u015bci? (natychmiast i po czasie)<\/a>\n\t\t\t\t\t<\/div>\n\t\t\t\t\t<div id=\"elementor-tab-content-1195\" class=\"elementor-tab-content elementor-clearfix\" data-tab=\"5\" role=\"region\" aria-labelledby=\"elementor-tab-title-1195\"><p>Kr\u00f3tko po wyj\u015bciu z ciemno\u015bci zaleca si\u0119 da\u0107 cia\u0142u czas na dostosowanie si\u0119 do \u015bwiat\u0142a, kt\u00f3re mo\u017ce by\u0107 teraz bardziej intensywne. Dlatego zalecamy <strong>stopniowo zwi\u0119ksza\u0107 intensywno\u015b\u0107 o\u015bwietlenia<\/strong> i obserwowa\u0107 oznaki nadwra\u017cliwo\u015bci na \u015bwiat\u0142o. Je\u015bli to mo\u017cliwe, warto r\u00f3wnie\u017c wyj\u015b\u0107 na zewn\u0105trz i porusza\u0107 si\u0119 na \u015bwie\u017cym powietrzu, co mo\u017ce pom\u00f3c w adaptacji do nowych bod\u017ac\u00f3w.<\/p><p>D\u0142u\u017cszy okres po ciemnej terapii mo\u017ce by\u0107 okresem integracji nowej wiedzy i do\u015bwiadczenia. Mo\u017cesz zadawa\u0107 pytania takie jak:<\/p><ul><li>Jakie zmiany zauwa\u017cy\u0142em w sobie?<\/li><li>Jakie nowe spojrzenie na \u015bwiat zyska\u0142em?<\/li><li>Jak mog\u0119 wykorzysta\u0107 t\u0119 wiedz\u0119 i umiej\u0119tno\u015bci w moim codziennym \u017cyciu?<\/li><\/ul><p>Po zako\u0144czeniu terapii nadal jeste\u015b dost\u0119pny<strong> Przewodnik<\/strong>kt\u00f3ry om\u00f3wi z Tob\u0105 Twoje nowe do\u015bwiadczenia i <strong>pomo\u017ce ci<\/strong> zmiana stylu \u017cycia lub postaw.<\/p><\/div>\n\t\t\t\t<\/div>\n\t\t\t\t\t\t\t\t<\/div>\n\t\t\t\t\t\t<\/div>\n\t\t\t\t<\/div>\n\t\t\t\t\t<\/div>\n\t\t<\/div>\n\t\t\t\t\t<\/div>\n\t\t<\/section>\n\t\t<div class=\"elementor-element elementor-element-6cc9f03 e-con-full e-flex e-con e-parent\" data-id=\"6cc9f03\" data-element_type=\"container\" data-settings=\"{&quot;background_background&quot;:&quot;classic&quot;}\">\n\t\t<div class=\"elementor-element elementor-element-278ff14 e-con-full e-flex e-con e-child\" data-id=\"278ff14\" data-element_type=\"container\">\n\t\t\t\t<div class=\"elementor-element elementor-element-9e1fc22 elementor-widget elementor-widget-heading\" data-id=\"9e1fc22\" data-element_type=\"widget\" data-widget_type=\"heading.default\">\n\t\t\t\t<div class=\"elementor-widget-container\">\n\t\t\t\t\t<h2 class=\"elementor-heading-title elementor-size-default\">Ju\u017c dzi\u015b zaplanuj niezapomniane wra\u017cenia w ciemno\u015bci.\n<\/h2>\t\t\t\t<\/div>\n\t\t\t\t<\/div>\n\t\t\t\t<div class=\"elementor-element elementor-element-800f71b elementor-widget elementor-widget-text-editor\" data-id=\"800f71b\" data-element_type=\"widget\" data-widget_type=\"text-editor.default\">\n\t\t\t\t<div class=\"elementor-widget-container\">\n\t\t\t\t\t\t\t\t\t<p>Pomo\u017cemy Ci dostosowa\u0107 pobyt do Twoich wymaga\u0144.\u00a0<\/p>\t\t\t\t\t\t\t\t<\/div>\n\t\t\t\t<\/div>\n\t\t\t\t<div class=\"elementor-element elementor-element-63ec8e1 elementor-align-center elementor-mobile-align-center elementor-widget elementor-widget-button\" data-id=\"63ec8e1\" data-element_type=\"widget\" data-widget_type=\"button.default\">\n\t\t\t\t<div class=\"elementor-widget-container\">\n\t\t\t\t\t\t\t\t\t<div class=\"elementor-button-wrapper\">\n\t\t\t\t\t<a class=\"elementor-button elementor-button-link elementor-size-md\" href=\"https:\/\/terapietmou.eu\/pl\/rezervace\/\">\n\t\t\t\t\t\t<span class=\"elementor-button-content-wrapper\">\n\t\t\t\t\t\t\t\t\t<span class=\"elementor-button-text\">Sprawd\u017a dost\u0119pno\u015b\u0107<\/span>\n\t\t\t\t\t<\/span>\n\t\t\t\t\t<\/a>\n\t\t\t\t<\/div>\n\t\t\t\t\t\t\t\t<\/div>\n\t\t\t\t<\/div>\n\t\t\t\t<\/div>\n\t\t\t\t<\/div>\n\t\t\t\t<\/div>","protected":false},"excerpt":{"rendered":"<p>F&amp;Q \u010casto kladen\u00e9 ot\u00e1zky Jak\u00e1 je ide\u00e1ln\u00ed d\u00e9lka pobytu? 7 noc\u00ed ve tm\u011b poskytuje dostate\u010dn\u00fd prostor pro hlubokou transformaci a sebereflexi, p\u0159i\u010dem\u017e zachov\u00e1v\u00e1 rovnov\u00e1hu mezi intenzitou z\u00e1\u017eitk\u016f a mo\u017enost\u00ed postupn\u00e9 adaptace na tmav\u00e9 prost\u0159ed\u00ed. Co kdy\u017e si budu pot\u0159ebovat popov\u00eddat? P\u0159i terapii tmou v na\u0161em centru m\u00e1te ka\u017ed\u00fd den mo\u017enost vyu\u017e\u00edt slu\u017eby pr\u016fvodce tmou. Pr\u016fvodce [&hellip;]<\/p>\n","protected":false},"author":1,"featured_media":0,"parent":0,"menu_order":0,"comment_status":"closed","ping_status":"closed","template":"","meta":{"_uag_custom_page_level_css":"","site-sidebar-layout":"no-sidebar","site-content-layout":"page-builder","ast-site-content-layout":"full-width-container","site-content-style":"default","site-sidebar-style":"default","ast-global-header-display":"","ast-banner-title-visibility":"","ast-main-header-display":"","ast-hfb-above-header-display":"","ast-hfb-below-header-display":"","ast-hfb-mobile-header-display":"","site-post-title":"disabled","ast-breadcrumbs-content":"","ast-featured-img":"disabled","footer-sml-layout":"","theme-transparent-header-meta":"","adv-header-id-meta":"","stick-header-meta":"","header-above-stick-meta":"","header-main-stick-meta":"","header-below-stick-meta":"","astra-migrate-meta-layouts":"set","ast-page-background-enabled":"default","ast-page-background-meta":{"desktop":{"background-color":"","background-image":"","background-repeat":"repeat","background-position":"center center","background-size":"auto","background-attachment":"scroll","background-type":"","background-media":"","overlay-type":"","overlay-color":"","overlay-gradient":""},"tablet":{"background-color":"","background-image":"","background-repeat":"repeat","background-position":"center center","background-size":"auto","background-attachment":"scroll","background-type":"","background-media":"","overlay-type":"","overlay-color":"","overlay-gradient":""},"mobile":{"background-color":"","background-image":"","background-repeat":"repeat","background-position":"center center","background-size":"auto","background-attachment":"scroll","background-type":"","background-media":"","overlay-type":"","overlay-color":"","overlay-gradient":""}},"ast-content-background-meta":{"desktop":{"background-color":"var(--ast-global-color-5)","background-image":"","background-repeat":"repeat","background-position":"center center","background-size":"auto","background-attachment":"scroll","background-type":"","background-media":"","overlay-type":"","overlay-color":"","overlay-gradient":""},"tablet":{"background-color":"var(--ast-global-color-5)","background-image":"","background-repeat":"repeat","background-position":"center center","background-size":"auto","background-attachment":"scroll","background-type":"","background-media":"","overlay-type":"","overlay-color":"","overlay-gradient":""},"mobile":{"background-color":"var(--ast-global-color-5)","background-image":"","background-repeat":"repeat","background-position":"center center","background-size":"auto","background-attachment":"scroll","background-type":"","background-media":"","overlay-type":"","overlay-color":"","overlay-gradient":""}},"footnotes":""},"class_list":["post-2994","page","type-page","status-publish","hentry"],"uagb_featured_image_src":{"full":false,"thumbnail":false,"medium":false,"medium_large":false,"large":false,"1536x1536":false,"2048x2048":false,"trp-custom-language-flag":false},"uagb_author_info":{"display_name":"Roman Bart\u00e1k","author_link":"https:\/\/terapietmou.eu\/pl\/author\/terapietmou-eu\/"},"uagb_comment_info":0,"uagb_excerpt":"F&amp;Q \u010casto kladen\u00e9 ot\u00e1zky Jak\u00e1 je ide\u00e1ln\u00ed d\u00e9lka pobytu? 7 noc\u00ed ve tm\u011b poskytuje dostate\u010dn\u00fd prostor pro hlubokou transformaci a sebereflexi, p\u0159i\u010dem\u017e zachov\u00e1v\u00e1 rovnov\u00e1hu mezi intenzitou z\u00e1\u017eitk\u016f a mo\u017enost\u00ed postupn\u00e9 adaptace na tmav\u00e9 prost\u0159ed\u00ed. Co kdy\u017e si budu pot\u0159ebovat popov\u00eddat? P\u0159i terapii tmou v na\u0161em centru m\u00e1te ka\u017ed\u00fd den mo\u017enost vyu\u017e\u00edt slu\u017eby pr\u016fvodce tmou. Pr\u016fvodce&hellip;","_links":{"self":[{"href":"https:\/\/terapietmou.eu\/pl\/wp-json\/wp\/v2\/pages\/2994","targetHints":{"allow":["GET"]}}],"collection":[{"href":"https:\/\/terapietmou.eu\/pl\/wp-json\/wp\/v2\/pages"}],"about":[{"href":"https:\/\/terapietmou.eu\/pl\/wp-json\/wp\/v2\/types\/page"}],"author":[{"embeddable":true,"href":"https:\/\/terapietmou.eu\/pl\/wp-json\/wp\/v2\/users\/1"}],"replies":[{"embeddable":true,"href":"https:\/\/terapietmou.eu\/pl\/wp-json\/wp\/v2\/comments?post=2994"}],"version-history":[{"count":28,"href":"https:\/\/terapietmou.eu\/pl\/wp-json\/wp\/v2\/pages\/2994\/revisions"}],"predecessor-version":[{"id":4329,"href":"https:\/\/terapietmou.eu\/pl\/wp-json\/wp\/v2\/pages\/2994\/revisions\/4329"}],"wp:attachment":[{"href":"https:\/\/terapietmou.eu\/pl\/wp-json\/wp\/v2\/media?parent=2994"}],"curies":[{"name":"wp","href":"https:\/\/api.w.org\/{rel}","templated":true}]}}