{"id":1866,"date":"2024-03-06T12:05:20","date_gmt":"2024-03-06T11:05:20","guid":{"rendered":"https:\/\/terapietmou.eu\/?page_id=1866"},"modified":"2025-07-24T18:44:01","modified_gmt":"2025-07-24T16:44:01","slug":"blog","status":"publish","type":"page","link":"https:\/\/terapietmou.eu\/pl\/blog\/","title":{"rendered":"Blog"},"content":{"rendered":"<div data-elementor-type=\"wp-page\" data-elementor-id=\"1866\" class=\"elementor elementor-1866\">\n\t\t\t\t\t\t<section class=\"elementor-section elementor-top-section elementor-element elementor-element-f341ef9 elementor-section-boxed elementor-section-height-default elementor-section-height-default\" data-id=\"f341ef9\" data-element_type=\"section\" data-settings=\"{&quot;background_background&quot;:&quot;classic&quot;}\">\n\t\t\t\t\t\t\t<div class=\"elementor-background-overlay\"><\/div>\n\t\t\t\t\t\t\t<div class=\"elementor-container elementor-column-gap-default\">\n\t\t\t\t\t<div class=\"elementor-column elementor-col-100 elementor-top-column elementor-element elementor-element-451a9f9\" data-id=\"451a9f9\" data-element_type=\"column\">\n\t\t\t<div class=\"elementor-widget-wrap elementor-element-populated\">\n\t\t\t\t\t\t<div class=\"elementor-element elementor-element-b88e797 elementor-widget elementor-widget-heading\" data-id=\"b88e797\" data-element_type=\"widget\" data-widget_type=\"heading.default\">\n\t\t\t\t<div class=\"elementor-widget-container\">\n\t\t\t\t\t<h1 class=\"elementor-heading-title elementor-size-default\">Aktualno\u015bci<\/h1>\t\t\t\t<\/div>\n\t\t\t\t<\/div>\n\t\t\t\t\t<\/div>\n\t\t<\/div>\n\t\t\t\t\t<\/div>\n\t\t<\/section>\n\t\t<div class=\"elementor-element elementor-element-b6c35a2 e-flex e-con-boxed e-con e-parent\" data-id=\"b6c35a2\" data-element_type=\"container\" data-settings=\"{&quot;background_background&quot;:&quot;classic&quot;}\">\n\t\t\t\t\t<div class=\"e-con-inner\">\n\t\t\t\t<div class=\"elementor-element elementor-element-2495346 elementor-widget-mobile__width-inherit elementor-widget elementor-widget-ucaddon_post_list\" data-id=\"2495346\" data-element_type=\"widget\" data-widget_type=\"ucaddon_post_list.default\">\n\t\t\t\t<div class=\"elementor-widget-container\">\n\t\t\t\t\t\n<!-- start Post List -->\n\t\t<link id='font-awesome-css' href='https:\/\/terapietmou.eu\/wp-content\/plugins\/unlimited-elements-for-elementor\/assets_libraries\/font-awesome6\/fontawesome-all.min.css' type='text\/css' rel='stylesheet' >\n\t\t<link id='font-awesome-4-shim-css' href='https:\/\/terapietmou.eu\/wp-content\/plugins\/unlimited-elements-for-elementor\/assets_libraries\/font-awesome6\/fontawesome-v4-shims.min.css' type='text\/css' rel='stylesheet' >\n\n<style>\/* widget: Post List *\/\n\n\n\n#uc_post_list_elementor_2495346{\n  display:grid;\n}\n\n#uc_post_list_elementor_2495346 .uc_post_list_image div{\n  background-size:cover;\n  background-position:center;\n}\n\n.uc_post_list .uc_post_list_box{\n\tposition: relative;\n\toverflow: hidden;\n\tdisplay: flex;\n}\n\n#uc_post_list_elementor_2495346 .uc_post_list_image{\n  flex-grow:0;\n  flex-shrink:0;\n  overflow: hidden;\n}\n\n#uc_post_list_elementor_2495346 .uc_post_list_image img{\n  width:100%;\n  height:100%;\n  display:block;\n  transition:0.3s;  \n}\n\n.uc_post_list_title a{\n\tcolor: #333333;\n    display: block;\n}\n\n.uc_post_list_date{\n\tfont-size: 12px;\n}\n\n#uc_post_list_elementor_2495346 .uc_post_list_content{\n  display:flex;\n  flex-direction:column;\n  flex:1;\n}\n\n#uc_post_list_elementor_2495346 .uc_more_btn{\n  text-align:center;\n  text-decoration:none;\n  transition:0.3s;\n}\n\n#uc_post_list_elementor_2495346 .button-on-side{\n  display:flex;\n  align-items:center;\n}\n\n#uc_post_list_elementor_2495346 .ue-grid-item-category{\n  display: flex;\n  align-items: center;\n}\n\n.ue-grid-item-category a{\n  display:inline-block;\n  font-size:10px;\n  text-transform:uppercase;\n}\n\n#uc_post_list_elementor_2495346 .ue-meta-data{  \n  display:flex;\n  flex-wrap: wrap;\n  line-height:1em;\n}\n\n#uc_post_list_elementor_2495346 .ue-grid-item-meta-data{\n      display:inline-flex;\n      align-items:center;\n}\n\n.ue-grid-item-meta-data{\n  font-size:12px;\n}\n\n#uc_post_list_elementor_2495346 .ue-grid-item-meta-data-icon{\n  line-height:1em;\n}\n\n#uc_post_list_elementor_2495346 .ue-grid-item-meta-data-icon svg{\n  width:1em;\n  height:1em;\n} \n\n#uc_post_list_elementor_2495346 .ue-debug-meta{\n  padding:10px;\n  border:1px solid red;\n  position:relative;\n  line-height:1.5em;\n  font-size:11px;\n  width:100%;\n}\n\n.uc-remote-parent .uc_post_list_box{\n\tcursor:pointer;\n}\n\n#uc_post_list_elementor_2495346 .ue-post-link-overlay{\n  display:block;\n  position:absolute;\n  top:0;\n  bottom:0;\n  right:0;\n  left:0;\n}\n\n\n\n\n<\/style>\n\n<div class=\"uc_post_list uc-items-wrapper\" id=\"uc_post_list_elementor_2495346\"  >    \t\n  <div class=\"uc_post_list_box\" data-category=\"Terapie tmou\">\n\n  \n  \t    <div class=\"uc_post_list_image\">\n      <a href=\"https:\/\/terapietmou.eu\/pl\/prozkoumejte-hlubiny-terapie-tmou-jako-cesta-k-sebepoznani\/\" target=\"_self\" title=\"Jak 7-dniowa terapia ciemno\u015bci\u0105 zmienia m\u00f3zg, zdrowie psychiczne i \u017cycie: Nauka stoj\u0105ca za ciemno\u015bci\u0105\">\n          \n            <img fetchpriority=\"high\" decoding=\"async\" src=\"https:\/\/terapietmou.eu\/wp-content\/uploads\/2024\/03\/Navrh-bez-nazvu-14-1024x1024.png\"  alt=\"N\u00e1vrh bez n\u00e1zvu-14\" width=\"1024\" height=\"1024\">\n        \t\n        \n      <\/a>\n    <\/div>\n  \t\t\n  \n    <div class=\"uc_post_list_content\">\n      <div class=\"uc_post_list_content_inside\">\n        \n                       \n        <div class=\"uc_post_list_title\"><a target=\"_self\" href=\"https:\/\/terapietmou.eu\/pl\/prozkoumejte-hlubiny-terapie-tmou-jako-cesta-k-sebepoznani\/\" title=\"Jak 7-dniowa terapia ciemno\u015bci\u0105 zmienia m\u00f3zg, zdrowie psychiczne i \u017cycie: Nauka stoj\u0105ca za ciemno\u015bci\u0105\">Jak 7-dniowa terapia ciemno\u015bci\u0105 zmienia m\u00f3zg, zdrowie psychiczne i \u017cycie: Nauka stoj\u0105ca za ciemno\u015bci\u0105<\/a><\/div>                 \n        <div class=\"ue-meta-data\">\n            <div class=\"ue-grid-item-meta-data\"><span class=\"ue-grid-item-meta-data-icon\"><i class=''><\/i><\/span>  14 marca 2024 r.<\/div>                                   \n            \n          \n                        \n            \n                        \n                        \n            \n              \n          <\/div>         \n                \n         <div class=\"uc_post_content\">Zanurz si\u0119 z nami w \u015bwiat ciemno\u015bci i odkryj, jak terapia ciemno\u015bci\u0105 mo\u017ce wp\u0142yn\u0105\u0107 na Tw\u00f3j umys\u0142, zdrowie psychiczne i og\u00f3ln\u0105 jako\u015b\u0107 \u017cycia.\n1 Wp\u0142yw na m\u00f3zg\n\nPodczas przebywania w ciemno\u015bci mo\u017cemy spodziewa\u0107 si\u0119...<\/div>           \n        \n                 \n      <\/div>\n    <\/div>\n     \n       \n  \n   <\/div>\n<div class=\"uc_post_list_box\" data-category=\"Terapie tmou\">\n\n  \n  \t    <div class=\"uc_post_list_image\">\n      <a href=\"https:\/\/terapietmou.eu\/pl\/temnota-jako-lek-objevte-silu-terapie-tmou\/\" target=\"_self\" title=\"Sekret d\u0142ugowieczno\u015bci i szcz\u0119\u015bcia - technika IKIGAI\">\n          \n            <img decoding=\"async\" src=\"https:\/\/terapietmou.eu\/wp-content\/uploads\/2024\/03\/Navrh-bez-nazvu-6-1024x1024.png\"  alt=\"N\u00e1vrh bez n\u00e1zvu-6\" width=\"1024\" height=\"1024\">\n        \t\n        \n      <\/a>\n    <\/div>\n  \t\t\n  \n    <div class=\"uc_post_list_content\">\n      <div class=\"uc_post_list_content_inside\">\n        \n                       \n        <div class=\"uc_post_list_title\"><a target=\"_self\" href=\"https:\/\/terapietmou.eu\/pl\/temnota-jako-lek-objevte-silu-terapie-tmou\/\" title=\"Sekret d\u0142ugowieczno\u015bci i szcz\u0119\u015bcia - technika IKIGAI\">Sekret d\u0142ugowieczno\u015bci i szcz\u0119\u015bcia - technika IKIGAI<\/a><\/div>                 \n        <div class=\"ue-meta-data\">\n            <div class=\"ue-grid-item-meta-data\"><span class=\"ue-grid-item-meta-data-icon\"><i class=''><\/i><\/span>  14 marca 2024 r.<\/div>                                   \n            \n          \n                        \n            \n                        \n                        \n            \n              \n          <\/div>         \n                \n         <div class=\"uc_post_content\">Czy kiedykolwiek s\u0142ysza\u0142e\u015b o japo\u0144skiej technice zwanej \"Ikigai\"? Ten fascynuj\u0105cy element japo\u0144skiej kultury jest sekretem d\u0142ugowieczno\u015bci i szcz\u0119\u015bcia wielu Japo\u0144czyk\u00f3w. Ale co dok\u0142adnie oznacza s\u0142owo \"Ikigai\"?\n1) Pochodzenie i...<\/div>           \n        \n                 \n      <\/div>\n    <\/div>\n     \n       \n  \n   <\/div>\n<div class=\"uc_post_list_box\" data-category=\"Terapie tmou\">\n\n  \n  \t    <div class=\"uc_post_list_image\">\n      <a href=\"https:\/\/terapietmou.eu\/pl\/osamely-stin-jak-terapie-tmou-rozjasnuje-dusi\/\" target=\"_self\" title=\"Dlaczego 7-dniowa terapia jest idealna?\">\n          \n            <img decoding=\"async\" src=\"https:\/\/terapietmou.eu\/wp-content\/uploads\/2024\/03\/Navrh-bez-nazvu-16-1024x1024.png\"  alt=\"N\u00e1vrh bez n\u00e1zvu-16\" width=\"1024\" height=\"1024\">\n        \t\n        \n      <\/a>\n    <\/div>\n  \t\t\n  \n    <div class=\"uc_post_list_content\">\n      <div class=\"uc_post_list_content_inside\">\n        \n                       \n        <div class=\"uc_post_list_title\"><a target=\"_self\" href=\"https:\/\/terapietmou.eu\/pl\/osamely-stin-jak-terapie-tmou-rozjasnuje-dusi\/\" title=\"Dlaczego 7-dniowa terapia jest idealna?\">Dlaczego 7-dniowa terapia jest idealna?<\/a><\/div>                 \n        <div class=\"ue-meta-data\">\n            <div class=\"ue-grid-item-meta-data\"><span class=\"ue-grid-item-meta-data-icon\"><i class=''><\/i><\/span>  14 marca 2024 r.<\/div>                                   \n            \n          \n                        \n            \n                        \n                        \n            \n              \n          <\/div>         \n                \n         <div class=\"uc_post_content\">W ostatnich tygodniach pojawi\u0142o si\u0119 kilka zapyta\u0144 o mo\u017cliwo\u015b\u0107 pi\u0119ciodniowego pobytu w naszym o\u015brodku terapeutycznym. Kiedy\u015b oferowali\u015bmy tak kr\u00f3tkie pobyty, ale po wielu latach do\u015bwiadcze\u0144 doszli\u015bmy do...<\/div>           \n        \n                 \n      <\/div>\n    <\/div>\n     \n       \n  \n   <\/div>\n\n<\/div>\n\n\n  <div id=\"uc_post_list_elementor_2495346_empty_message\" class=\"ue-no-posts-found\"  style=\"display:none\" >Nie znaleziono \u017cadnych post\u00f3w.<\/div>\n\n\n<!-- end Post List -->\t\t\t\t<\/div>\n\t\t\t\t<\/div>\n\t\t\t\t\t<\/div>\n\t\t\t\t<\/div>\n\t\t<div class=\"elementor-element elementor-element-bf0c8d3 e-flex e-con-boxed e-con e-parent\" data-id=\"bf0c8d3\" data-element_type=\"container\">\n\t\t\t\t\t<div class=\"e-con-inner\">\n\t\t\t\t<div class=\"elementor-element elementor-element-a466667 elementor-widget elementor-widget-ucaddon_archive_pagination\" data-id=\"a466667\" data-element_type=\"widget\" data-widget_type=\"ucaddon_archive_pagination.default\">\n\t\t\t\t<div class=\"elementor-widget-container\">\n\t\t\t\t\t\n<!-- start Post Pagination -->\n\n<style>\/* widget: Post Pagination *\/\n\n#uc_archive_pagination_elementor_a466667 nav\n{\n  padding:0px;\n  margin:0px;\n}\n\n#uc_archive_pagination_elementor_a466667 \n{\n  display:flex;\n  flex-wrap: wrap;\n  justify-content:center;\n}\n\n#uc_archive_pagination_elementor_a466667 .nav-links\n{\n  display:flex;\n  justify-content:center;\n}\n\n#uc_archive_pagination_elementor_a466667 .nav-links > *\n{\n}\n\n#uc_archive_pagination_elementor_a466667 .page-numbers\n{\n  display:flex;\n  \n  align-items:center;\n  justify-content:center;\n  transition:0.3s;\n  line-height:1em;\n}\n\n\n#uc_archive_pagination_elementor_a466667 a.page-numbers, #uc_archive_pagination_elementor_a466667 .dots\n{\n  color:#2B2D42;\n  background-color:;\n}\n\n#uc_archive_pagination_elementor_a466667 a.page-numbers:hover\n{\n  color:#6e6e6e;\n  background-color:#eeeeee;\n}\n\n#uc_archive_pagination_elementor_a466667 .page-numbers.current,\n#uc_archive_pagination_elementor_a466667 .page-numbers.current:hover\n{\n  background-color:#F1C40F;\n  color:#ffffff;\n}\n\n\n#uc_archive_pagination_elementor_a466667 .page-numbers.prev, #uc_archive_pagination_elementor_a466667 .page-numbers.next\n{\n  padding-left:15px;\n  padding-right:15px;\n}\n\n\n\n#uc_archive_pagination_elementor_a466667 .prev:before {\n   font-family: \"Font Awesome 5 Free\";\n   content: \"\\f053\";\n   display: inline-block;\n   vertical-align: middle;\n   font-weight: 900;\n   }\n\n#uc_archive_pagination_elementor_a466667 .next:after {\n   font-family: \"Font Awesome 5 Free\";\n   content: \"\\f054\";\n   display: inline-block;\n   vertical-align: middle;\n   font-weight: 900;\n   }\n\n#uc_archive_pagination_elementor_a466667.uc-ajax-loading{\n\topacity:1 !important;\n}\n\n#uc_archive_pagination_elementor_a466667.uc-ajax-loading .current{\n\tposition:relative;\n    overflow:hidden;\n}\n\n\n#uc_archive_pagination_elementor_a466667.uc-ajax-loading .current:before{\n  content: \"\";\n  display:block;\n  width:100%;\n  height:100%;\n  box-sizing:border-box;\n  position:absolute;\n  top:0px;\n  left:0px;\n  background-color: #c2c2c2;\n  animation: uc-spinning-border 0.5s linear infinite;\n  opacity:50%;\n  border-radius:inherit;\n}\n\n@keyframes uc-spinning-border {\n\t0%{transform: scale(0);}\n\t100%{transform: scale(1); }\t\n}\n\n\n\n<\/style>\n\n<div id=\"uc_archive_pagination_elementor_a466667\" class=\"archive_pagination uc-filter-pagination\">\n\n<\/div>\n<!-- end Post Pagination -->\t\t\t\t<\/div>\n\t\t\t\t<\/div>\n\t\t\t\t\t<\/div>\n\t\t\t\t<\/div>\n\t\t<div class=\"elementor-element elementor-element-d47e798 e-con-full e-flex e-con e-parent\" data-id=\"d47e798\" data-element_type=\"container\" data-settings=\"{&quot;background_background&quot;:&quot;classic&quot;}\">\n\t\t<div class=\"elementor-element elementor-element-1c30283 e-con-full e-flex e-con e-child\" data-id=\"1c30283\" data-element_type=\"container\">\n\t\t\t\t<div class=\"elementor-element elementor-element-78ba74e elementor-widget elementor-widget-heading\" data-id=\"78ba74e\" data-element_type=\"widget\" data-widget_type=\"heading.default\">\n\t\t\t\t<div class=\"elementor-widget-container\">\n\t\t\t\t\t<h2 class=\"elementor-heading-title elementor-size-default\">Zr\u00f3b pierwszy krok w kierunku osi\u0105gni\u0119cia swoich cel\u00f3w \u017cyciowych.<\/h2>\t\t\t\t<\/div>\n\t\t\t\t<\/div>\n\t\t\t\t<div class=\"elementor-element elementor-element-f595c38 elementor-widget elementor-widget-text-editor\" data-id=\"f595c38\" data-element_type=\"widget\" data-widget_type=\"text-editor.default\">\n\t\t\t\t<div class=\"elementor-widget-container\">\n\t\t\t\t\t\t\t\t\t<p>Pomo\u017cemy Ci dostosowa\u0107 pobyt do Twoich wymaga\u0144.\u00a0<\/p>\t\t\t\t\t\t\t\t<\/div>\n\t\t\t\t<\/div>\n\t\t\t\t<div class=\"elementor-element elementor-element-090ee81 elementor-align-center elementor-mobile-align-center elementor-widget elementor-widget-button\" data-id=\"090ee81\" data-element_type=\"widget\" data-widget_type=\"button.default\">\n\t\t\t\t<div class=\"elementor-widget-container\">\n\t\t\t\t\t\t\t\t\t<div class=\"elementor-button-wrapper\">\n\t\t\t\t\t<a class=\"elementor-button elementor-button-link elementor-size-md\" href=\"https:\/\/terapietmou.eu\/pl\/rezervace\/\">\n\t\t\t\t\t\t<span class=\"elementor-button-content-wrapper\">\n\t\t\t\t\t\t\t\t\t<span class=\"elementor-button-text\">Sprawd\u017a dost\u0119pno\u015b\u0107<\/span>\n\t\t\t\t\t<\/span>\n\t\t\t\t\t<\/a>\n\t\t\t\t<\/div>\n\t\t\t\t\t\t\t\t<\/div>\n\t\t\t\t<\/div>\n\t\t\t\t<\/div>\n\t\t\t\t<\/div>\n\t\t\t\t<\/div>","protected":false},"excerpt":{"rendered":"<p>Aktuality Jak 7 denn\u00ed terapie tmou m\u011bn\u00ed v\u00e1\u0161 mozek, du\u0161evn\u00ed zdrav\u00ed a \u017eivot: V\u011bda za tmou 14 B\u0159ezen 2024 Pono\u0159te se s n\u00e1mi do sv\u011bta temnoty a objevte, jak terapie tmou m\u016f\u017ee ovlivnit va\u0161i mysl, du\u0161evn\u00ed zdrav\u00ed a celkovou \u017eivotn\u00ed kvalitu. 1. Vliv na mozek B\u011bhem pobytu ve tm\u011b m\u016f\u017eeme o\u010dek\u00e1vat spu\u0161t\u011bn\u00ed chemick\u00fdch... Tajemstv\u00ed dlouhov\u011bkosti [&hellip;]<\/p>\n","protected":false},"author":1,"featured_media":0,"parent":0,"menu_order":0,"comment_status":"closed","ping_status":"closed","template":"","meta":{"_uag_custom_page_level_css":"","site-sidebar-layout":"no-sidebar","site-content-layout":"page-builder","ast-site-content-layout":"full-width-container","site-content-style":"default","site-sidebar-style":"default","ast-global-header-display":"","ast-banner-title-visibility":"","ast-main-header-display":"","ast-hfb-above-header-display":"","ast-hfb-below-header-display":"","ast-hfb-mobile-header-display":"","site-post-title":"disabled","ast-breadcrumbs-content":"","ast-featured-img":"disabled","footer-sml-layout":"","theme-transparent-header-meta":"enabled","adv-header-id-meta":"","stick-header-meta":"","header-above-stick-meta":"","header-main-stick-meta":"","header-below-stick-meta":"","astra-migrate-meta-layouts":"set","ast-page-background-enabled":"default","ast-page-background-meta":{"desktop":{"background-color":"","background-image":"","background-repeat":"repeat","background-position":"center center","background-size":"auto","background-attachment":"scroll","background-type":"","background-media":"","overlay-type":"","overlay-color":"","overlay-gradient":""},"tablet":{"background-color":"","background-image":"","background-repeat":"repeat","background-position":"center center","background-size":"auto","background-attachment":"scroll","background-type":"","background-media":"","overlay-type":"","overlay-color":"","overlay-gradient":""},"mobile":{"background-color":"","background-image":"","background-repeat":"repeat","background-position":"center center","background-size":"auto","background-attachment":"scroll","background-type":"","background-media":"","overlay-type":"","overlay-color":"","overlay-gradient":""}},"ast-content-background-meta":{"desktop":{"background-color":"var(--ast-global-color-5)","background-image":"","background-repeat":"repeat","background-position":"center center","background-size":"auto","background-attachment":"scroll","background-type":"","background-media":"","overlay-type":"","overlay-color":"","overlay-gradient":""},"tablet":{"background-color":"var(--ast-global-color-5)","background-image":"","background-repeat":"repeat","background-position":"center center","background-size":"auto","background-attachment":"scroll","background-type":"","background-media":"","overlay-type":"","overlay-color":"","overlay-gradient":""},"mobile":{"background-color":"var(--ast-global-color-5)","background-image":"","background-repeat":"repeat","background-position":"center center","background-size":"auto","background-attachment":"scroll","background-type":"","background-media":"","overlay-type":"","overlay-color":"","overlay-gradient":""}},"footnotes":""},"class_list":["post-1866","page","type-page","status-publish","hentry"],"uagb_featured_image_src":{"full":false,"thumbnail":false,"medium":false,"medium_large":false,"large":false,"1536x1536":false,"2048x2048":false,"trp-custom-language-flag":false},"uagb_author_info":{"display_name":"Roman Bart\u00e1k","author_link":"https:\/\/terapietmou.eu\/pl\/author\/terapietmou-eu\/"},"uagb_comment_info":0,"uagb_excerpt":"Aktuality Jak 7 denn\u00ed terapie tmou m\u011bn\u00ed v\u00e1\u0161 mozek, du\u0161evn\u00ed zdrav\u00ed a \u017eivot: V\u011bda za tmou 14 B\u0159ezen 2024 Pono\u0159te se s n\u00e1mi do sv\u011bta temnoty a objevte, jak terapie tmou m\u016f\u017ee ovlivnit va\u0161i mysl, du\u0161evn\u00ed zdrav\u00ed a celkovou \u017eivotn\u00ed kvalitu. 1. Vliv na mozek B\u011bhem pobytu ve tm\u011b m\u016f\u017eeme o\u010dek\u00e1vat spu\u0161t\u011bn\u00ed chemick\u00fdch... Tajemstv\u00ed dlouhov\u011bkosti&hellip;","_links":{"self":[{"href":"https:\/\/terapietmou.eu\/pl\/wp-json\/wp\/v2\/pages\/1866","targetHints":{"allow":["GET"]}}],"collection":[{"href":"https:\/\/terapietmou.eu\/pl\/wp-json\/wp\/v2\/pages"}],"about":[{"href":"https:\/\/terapietmou.eu\/pl\/wp-json\/wp\/v2\/types\/page"}],"author":[{"embeddable":true,"href":"https:\/\/terapietmou.eu\/pl\/wp-json\/wp\/v2\/users\/1"}],"replies":[{"embeddable":true,"href":"https:\/\/terapietmou.eu\/pl\/wp-json\/wp\/v2\/comments?post=1866"}],"version-history":[{"count":73,"href":"https:\/\/terapietmou.eu\/pl\/wp-json\/wp\/v2\/pages\/1866\/revisions"}],"predecessor-version":[{"id":5490,"href":"https:\/\/terapietmou.eu\/pl\/wp-json\/wp\/v2\/pages\/1866\/revisions\/5490"}],"wp:attachment":[{"href":"https:\/\/terapietmou.eu\/pl\/wp-json\/wp\/v2\/media?parent=1866"}],"curies":[{"name":"wp","href":"https:\/\/api.w.org\/{rel}","templated":true}]}}