{"id":2999,"date":"2024-03-14T20:00:34","date_gmt":"2024-03-14T19:00:34","guid":{"rendered":"https:\/\/terapietmou.eu\/?page_id=2999"},"modified":"2026-02-16T18:06:50","modified_gmt":"2026-02-16T17:06:50","slug":"obchodni-podminky","status":"publish","type":"page","link":"https:\/\/terapietmou.eu\/en\/obchodni-podminky\/","title":{"rendered":"Terms and Conditions"},"content":{"rendered":"<div data-elementor-type=\"wp-page\" data-elementor-id=\"2999\" class=\"elementor elementor-2999\">\n\t\t\t\t\t\t<section class=\"elementor-section elementor-top-section elementor-element elementor-element-cfa8d71 elementor-section-boxed elementor-section-height-default elementor-section-height-default\" data-id=\"cfa8d71\" data-element_type=\"section\" data-settings=\"{&quot;background_background&quot;:&quot;classic&quot;}\">\n\t\t\t\t\t\t\t<div class=\"elementor-background-overlay\"><\/div>\n\t\t\t\t\t\t\t<div class=\"elementor-container elementor-column-gap-default\">\n\t\t\t\t\t<div class=\"elementor-column elementor-col-100 elementor-top-column elementor-element elementor-element-9409605\" data-id=\"9409605\" data-element_type=\"column\">\n\t\t\t<div class=\"elementor-widget-wrap elementor-element-populated\">\n\t\t\t\t\t\t<div class=\"elementor-element elementor-element-5b75177 elementor-widget elementor-widget-heading\" data-id=\"5b75177\" data-element_type=\"widget\" data-widget_type=\"heading.default\">\n\t\t\t\t<div class=\"elementor-widget-container\">\n\t\t\t\t\t<h1 class=\"elementor-heading-title elementor-size-default\">Terms and Conditions<\/h1>\t\t\t\t<\/div>\n\t\t\t\t<\/div>\n\t\t\t\t\t<\/div>\n\t\t<\/div>\n\t\t\t\t\t<\/div>\n\t\t<\/section>\n\t\t\t\t<section class=\"elementor-section elementor-top-section elementor-element elementor-element-21wd4lv elementor-section-content-top elementor-section-boxed elementor-section-height-default elementor-section-height-default\" data-id=\"21wd4lv\" data-element_type=\"section\" data-settings=\"{&quot;background_background&quot;:&quot;classic&quot;}\">\n\t\t\t\t\t\t\t<div class=\"elementor-background-overlay\"><\/div>\n\t\t\t\t\t\t\t<div class=\"elementor-container elementor-column-gap-no\">\n\t\t\t\t\t<div class=\"elementor-column elementor-col-100 elementor-top-column elementor-element elementor-element-fd3d3a5\" data-id=\"fd3d3a5\" data-element_type=\"column\">\n\t\t\t<div class=\"elementor-widget-wrap elementor-element-populated\">\n\t\t\t\t\t\t<div class=\"elementor-element elementor-element-02c3e36 elementor-widget elementor-widget-heading\" data-id=\"02c3e36\" data-element_type=\"widget\" data-widget_type=\"heading.default\">\n\t\t\t\t<div class=\"elementor-widget-container\">\n\t\t\t\t\t<h2 class=\"elementor-heading-title elementor-size-default\">Formalities before purchasing a stay<\/h2>\t\t\t\t<\/div>\n\t\t\t\t<\/div>\n\t\t\t\t<div class=\"elementor-element elementor-element-4529f61 elementor-widget elementor-widget-text-editor\" data-id=\"4529f61\" data-element_type=\"widget\" data-widget_type=\"text-editor.default\">\n\t\t\t\t<div class=\"elementor-widget-container\">\n\t\t\t\t\t\t\t\t\t<p><strong style=\"font-family: 'DM Serif Display', serif; font-size: 1.0625rem; font-style: inherit;\">1. Booking and payment<\/strong><\/p>\n<p>Reservations for a stay in the dark must be made in advance through the official booking system.<\/p>\n<p>The client is then obliged to pay the full amount to the account number sent in the introductory email, but no later than 30 days before the arrival.<\/p>\n<p>Payment for the stay in the dark is non-refundable and non-refundable except as stated in the following paragraph.<\/p>\n<h6><strong>2. Cancellation of reservation<\/strong><\/h6>\n<p>If the client needs to cancel his\/her reservation, he\/she must do so at least 30 days before the planned date of stay.<\/p>\n<p>If the client cancels the reservation more than 30 days before the planned date of stay, he\/she is entitled to a refund of the amount paid to 100%.<\/p>\n<p>Cancellations made less than 30 days before the scheduled date of stay will result in the loss of 100 % of the amount paid.<\/p>\n<h6><strong>3. Modification of the reservation<\/strong><\/h6>\n<p>If the client needs to change the date of stay in the dark, he\/she must ask the therapy provider as soon as possible.<\/p>\n<p>Reservation adjustments are only allowed in accordance with availability.<\/p>\n<h6><strong>4. Age restrictions<\/strong><\/h6>\n<p>A minimum age of 18 years is required to stay in the dark.<\/p>\n<h6><strong>5. Safety instructions<\/strong><\/h6>\n<p>The Client is obliged to follow all safety instructions provided by the Operator.<\/p>\n<p>The client acknowledges that being in the dark may require a certain amount of adjustment and consideration.<\/p>\n<h6><strong><br><\/strong><\/h6><h6><strong>6. Health status<\/strong><\/h6>\n<p>The client acknowledges that being in the dark may affect certain medical conditions such as claustrophobia or anxiety.<\/p>\n<p>The client is obliged to inform the operator of any health problems that could affect his ability to participate in the stay in the dark.<\/p>\n<h6><strong>7. Responsibility for property<\/strong><\/h6>\n<p>The client is responsible for their personal property while in the dark.<\/p>\n<p>The operator is not responsible for loss, damage or theft of the client's property.<\/p>\n<h6><strong>8. Limitation of liability<\/strong><\/h6>\n<p>The client acknowledges that being in the dark can be emotionally challenging.<\/p>\n<p>The operator is not responsible for any emotional or psychological consequences of being in the dark.<\/p>\n<h6><strong>9. Rights of the operator<\/strong><\/h6>\n<p>The operator reserves the right to refuse to provide the service or to exclude a client who does not comply with the rules of staying in the dark or endangers the safety of other participants.<\/p>\n<h6><strong>10. Final provisions<\/strong><\/h6>\n<p>These terms and conditions are valid from the time of booking and are deemed to be accepted by the client.<\/p>\n<p>The client voluntarily participates in the dark at his own risk. When booking a stay, the client agrees to the terms and conditions and the processing of personal data.<\/p>\n<p>The Operator reserves the right to change these Terms and Conditions without prior notice.<\/p>\n<p>These rules and conditions are in place to ensure a smooth and safe stay in the dark while protecting the interests of the clients and the operator.<\/p>\t\t\t\t\t\t\t\t<\/div>\n\t\t\t\t<\/div>\n\t\t\t\t\t<\/div>\n\t\t<\/div>\n\t\t\t\t\t<\/div>\n\t\t<\/section>\n\t\t\t\t<\/div>","protected":false},"excerpt":{"rendered":"<p>Obchodn\u00ed podm\u00ednky Formality p\u0159ed zakoupen\u00edm pobytu 1. Rezervace a platba Rezervace pobytu ve tm\u011b mus\u00ed b\u00fdt provedena p\u0159edem prost\u0159ednictv\u00edm ofici\u00e1ln\u00edho rezerva\u010dn\u00edho syst\u00e9mu. Klient je n\u00e1sledn\u011b povinen uhradit celou \u010d\u00e1stku na \u010d\u00edslo \u00fa\u010dtu, kter\u00fd mu bude zasl\u00e1n v \u00favodn\u00edm emailu, nejpozd\u011bji v\u0161ak do 30 dn\u00ed p\u0159ed n\u00e1stupem na pobyt. Platba za pobyt ve tm\u011b je nevratn\u00e1 [&hellip;]<\/p>\n","protected":false},"author":1,"featured_media":0,"parent":0,"menu_order":0,"comment_status":"closed","ping_status":"closed","template":"","meta":{"_uag_custom_page_level_css":"","site-sidebar-layout":"no-sidebar","site-content-layout":"page-builder","ast-site-content-layout":"full-width-container","site-content-style":"default","site-sidebar-style":"default","ast-global-header-display":"","ast-banner-title-visibility":"","ast-main-header-display":"","ast-hfb-above-header-display":"","ast-hfb-below-header-display":"","ast-hfb-mobile-header-display":"","site-post-title":"disabled","ast-breadcrumbs-content":"","ast-featured-img":"disabled","footer-sml-layout":"","theme-transparent-header-meta":"","adv-header-id-meta":"","stick-header-meta":"","header-above-stick-meta":"","header-main-stick-meta":"","header-below-stick-meta":"","astra-migrate-meta-layouts":"set","ast-page-background-enabled":"default","ast-page-background-meta":{"desktop":{"background-color":"","background-image":"","background-repeat":"repeat","background-position":"center center","background-size":"auto","background-attachment":"scroll","background-type":"","background-media":"","overlay-type":"","overlay-color":"","overlay-gradient":""},"tablet":{"background-color":"","background-image":"","background-repeat":"repeat","background-position":"center center","background-size":"auto","background-attachment":"scroll","background-type":"","background-media":"","overlay-type":"","overlay-color":"","overlay-gradient":""},"mobile":{"background-color":"","background-image":"","background-repeat":"repeat","background-position":"center center","background-size":"auto","background-attachment":"scroll","background-type":"","background-media":"","overlay-type":"","overlay-color":"","overlay-gradient":""}},"ast-content-background-meta":{"desktop":{"background-color":"var(--ast-global-color-5)","background-image":"","background-repeat":"repeat","background-position":"center center","background-size":"auto","background-attachment":"scroll","background-type":"","background-media":"","overlay-type":"","overlay-color":"","overlay-gradient":""},"tablet":{"background-color":"var(--ast-global-color-5)","background-image":"","background-repeat":"repeat","background-position":"center center","background-size":"auto","background-attachment":"scroll","background-type":"","background-media":"","overlay-type":"","overlay-color":"","overlay-gradient":""},"mobile":{"background-color":"var(--ast-global-color-5)","background-image":"","background-repeat":"repeat","background-position":"center center","background-size":"auto","background-attachment":"scroll","background-type":"","background-media":"","overlay-type":"","overlay-color":"","overlay-gradient":""}},"footnotes":""},"class_list":["post-2999","page","type-page","status-publish","hentry"],"uagb_featured_image_src":{"full":false,"thumbnail":false,"medium":false,"medium_large":false,"large":false,"1536x1536":false,"2048x2048":false,"trp-custom-language-flag":false},"uagb_author_info":{"display_name":"Roman Bart\u00e1k","author_link":"https:\/\/terapietmou.eu\/en\/author\/terapietmou-eu\/"},"uagb_comment_info":0,"uagb_excerpt":"Obchodn\u00ed podm\u00ednky Formality p\u0159ed zakoupen\u00edm pobytu 1. Rezervace a platba Rezervace pobytu ve tm\u011b mus\u00ed b\u00fdt provedena p\u0159edem prost\u0159ednictv\u00edm ofici\u00e1ln\u00edho rezerva\u010dn\u00edho syst\u00e9mu. Klient je n\u00e1sledn\u011b povinen uhradit celou \u010d\u00e1stku na \u010d\u00edslo \u00fa\u010dtu, kter\u00fd mu bude zasl\u00e1n v \u00favodn\u00edm emailu, nejpozd\u011bji v\u0161ak do 30 dn\u00ed p\u0159ed n\u00e1stupem na pobyt. Platba za pobyt ve tm\u011b je nevratn\u00e1&hellip;","_links":{"self":[{"href":"https:\/\/terapietmou.eu\/en\/wp-json\/wp\/v2\/pages\/2999","targetHints":{"allow":["GET"]}}],"collection":[{"href":"https:\/\/terapietmou.eu\/en\/wp-json\/wp\/v2\/pages"}],"about":[{"href":"https:\/\/terapietmou.eu\/en\/wp-json\/wp\/v2\/types\/page"}],"author":[{"embeddable":true,"href":"https:\/\/terapietmou.eu\/en\/wp-json\/wp\/v2\/users\/1"}],"replies":[{"embeddable":true,"href":"https:\/\/terapietmou.eu\/en\/wp-json\/wp\/v2\/comments?post=2999"}],"version-history":[{"count":52,"href":"https:\/\/terapietmou.eu\/en\/wp-json\/wp\/v2\/pages\/2999\/revisions"}],"predecessor-version":[{"id":5781,"href":"https:\/\/terapietmou.eu\/en\/wp-json\/wp\/v2\/pages\/2999\/revisions\/5781"}],"wp:attachment":[{"href":"https:\/\/terapietmou.eu\/en\/wp-json\/wp\/v2\/media?parent=2999"}],"curies":[{"name":"wp","href":"https:\/\/api.w.org\/{rel}","templated":true}]}}